{"id":103,"date":"2025-07-03T18:17:13","date_gmt":"2025-07-03T18:17:13","guid":{"rendered":"https:\/\/relaxedloungeservice.com\/?page_id=103"},"modified":"2025-07-31T18:18:36","modified_gmt":"2025-07-31T18:18:36","slug":"agendar-tu-visita","status":"publish","type":"page","link":"https:\/\/relaxedloungeservice.com\/en\/agendar-tu-visita\/","title":{"rendered":"Book your visit"},"content":{"rendered":"\t\t<div data-elementor-type=\"wp-page\" data-elementor-id=\"103\" class=\"elementor elementor-103\" data-elementor-post-type=\"page\">\n\t\t\t\t<div class=\"elementor-element elementor-element-2714235 e-con-full hero-video-fondo-fijo e-flex e-con e-parent\" data-id=\"2714235\" data-element_type=\"container\" data-settings=\"{&quot;background_background&quot;:&quot;video&quot;,&quot;background_video_link&quot;:&quot;https:\\\/\\\/www.youtube.com\\\/embed\\\/zENAX9IAGnM?autoplay=1&amp;mute=1&amp;controls=0&amp;showinfo=0&amp;rel=0&amp;loop=1&amp;playlist=zENAX9IAGnM&amp;modestbranding=1&quot;,&quot;background_play_on_mobile&quot;:&quot;yes&quot;}\">\n\t\t<div class=\"elementor-background-video-container\">\n\t\t\t\t\t\t\t<div class=\"elementor-background-video-embed\"><\/div>\n\t\t\t\t\t\t<\/div><div class=\"elementor-element elementor-element-03f379c e-flex e-con-boxed e-con e-child\" data-id=\"03f379c\" data-element_type=\"container\" data-settings=\"{&quot;position&quot;:&quot;absolute&quot;}\">\n\t\t\t\t\t<div class=\"e-con-inner\">\n\t\t\t\t\t<\/div>\n\t\t\t\t<\/div>\n\t\t<div class=\"elementor-element elementor-element-2819b92 e-con-full e-flex e-con e-child\" data-id=\"2819b92\" data-element_type=\"container\">\n\t\t\t\t<div class=\"elementor-element elementor-element-4ae1bfd elementor-widget elementor-widget-heading\" data-id=\"4ae1bfd\" data-element_type=\"widget\" data-widget_type=\"heading.default\">\n\t\t\t\t\t<h1 class=\"elementor-heading-title elementor-size-default\">Tu pr\u00f3ximo evento comienza aqu\u00ed<\/h1>\t\t\t\t<\/div>\n\t\t\t\t<div class=\"elementor-element elementor-element-f6a8033 elementor-widget elementor-widget-text-editor\" data-id=\"f6a8033\" data-element_type=\"widget\" data-widget_type=\"text-editor.default\">\n\t\t\t\t\t\t\t\t\t<p>Quer\u00e9s conocer nuestras l\u00edneas de mobiliario para eventos? Agenda tu visita y viv\u00ed la experiencia Relaxed Lounge Service con asesor\u00eda personalizada y dise\u00f1o exclusivo.<\/p>\t\t\t\t\t\t\t\t<\/div>\n\t\t\t\t<div class=\"elementor-element elementor-element-ff4b797 elementor-widget elementor-widget-button\" data-id=\"ff4b797\" data-element_type=\"widget\" data-widget_type=\"button.default\">\n\t\t\t\t\t\t\t\t\t\t<a class=\"elementor-button elementor-button-link elementor-size-sm\" href=\"#agenda\">\n\t\t\t\t\t\t<span class=\"elementor-button-content-wrapper\">\n\t\t\t\t\t\t\t\t\t<span class=\"elementor-button-text\">Agendar mi visita<\/span>\n\t\t\t\t\t<\/span>\n\t\t\t\t\t<\/a>\n\t\t\t\t\t\t\t\t<\/div>\n\t\t\t\t<\/div>\n\t\t\t\t<\/div>\n\t\t<div class=\"elementor-element elementor-element-6f44768 e-con-full e-flex e-con e-parent\" data-id=\"6f44768\" data-element_type=\"container\">\n\t\t<div class=\"elementor-element elementor-element-e5ceb28 e-con-full e-flex e-con e-child\" data-id=\"e5ceb28\" data-element_type=\"container\">\n\t\t\t\t<div class=\"elementor-element elementor-element-fc9c271 elementor-view-default elementor-widget elementor-widget-icon\" data-id=\"fc9c271\" data-element_type=\"widget\" data-widget_type=\"icon.default\">\n\t\t\t\t\t\t\t<div class=\"elementor-icon-wrapper\">\n\t\t\t<div class=\"elementor-icon\">\n\t\t\t<svg aria-hidden=\"true\" class=\"e-font-icon-svg e-fas-chair\" viewBox=\"0 0 448 512\" xmlns=\"http:\/\/www.w3.org\/2000\/svg\"><path d=\"M112 128c0-29.5 16.2-55 40-68.9V256h48V48h48v208h48V59.1c23.8 13.9 40 39.4 40 68.9v128h48V128C384 57.3 326.7 0 256 0h-64C121.3 0 64 57.3 64 128v128h48zm334.3 213.9l-10.7-32c-4.4-13.1-16.6-21.9-30.4-21.9H42.7c-13.8 0-26 8.8-30.4 21.9l-10.7 32C-5.2 362.6 10.2 384 32 384v112c0 8.8 7.2 16 16 16h32c8.8 0 16-7.2 16-16V384h256v112c0 8.8 7.2 16 16 16h32c8.8 0 16-7.2 16-16V384c21.8 0 37.2-21.4 30.3-42.1z\"><\/path><\/svg>\t\t\t<\/div>\n\t\t<\/div>\n\t\t\t\t\t\t<\/div>\n\t\t\t\t<div class=\"elementor-element elementor-element-f7c319c elementor-widget elementor-widget-heading\" data-id=\"f7c319c\" data-element_type=\"widget\" data-widget_type=\"heading.default\">\n\t\t\t\t\t<h2 class=\"elementor-heading-title elementor-size-default\">Conoc\u00e9 nuestras l\u00edneas exclusivas en persona<\/h2>\t\t\t\t<\/div>\n\t\t\t\t<\/div>\n\t\t<div class=\"elementor-element elementor-element-d7cc0e8 e-con-full e-flex e-con e-child\" data-id=\"d7cc0e8\" data-element_type=\"container\">\n\t\t\t\t<div class=\"elementor-element elementor-element-103cb32 elementor-view-default elementor-widget elementor-widget-icon\" data-id=\"103cb32\" data-element_type=\"widget\" data-widget_type=\"icon.default\">\n\t\t\t\t\t\t\t<div class=\"elementor-icon-wrapper\">\n\t\t\t<div class=\"elementor-icon\">\n\t\t\t<svg aria-hidden=\"true\" class=\"e-font-icon-svg e-fas-hands-helping\" viewBox=\"0 0 640 512\" xmlns=\"http:\/\/www.w3.org\/2000\/svg\"><path d=\"M488 192H336v56c0 39.7-32.3 72-72 72s-72-32.3-72-72V126.4l-64.9 39C107.8 176.9 96 197.8 96 220.2v47.3l-80 46.2C.7 322.5-4.6 342.1 4.3 357.4l80 138.6c8.8 15.3 28.4 20.5 43.7 11.7L231.4 448H368c35.3 0 64-28.7 64-64h16c17.7 0 32-14.3 32-32v-64h8c13.3 0 24-10.7 24-24v-48c0-13.3-10.7-24-24-24zm147.7-37.4L555.7 16C546.9.7 527.3-4.5 512 4.3L408.6 64H306.4c-12 0-23.7 3.4-33.9 9.7L239 94.6c-9.4 5.8-15 16.1-15 27.1V248c0 22.1 17.9 40 40 40s40-17.9 40-40v-88h184c30.9 0 56 25.1 56 56v28.5l80-46.2c15.3-8.9 20.5-28.4 11.7-43.7z\"><\/path><\/svg>\t\t\t<\/div>\n\t\t<\/div>\n\t\t\t\t\t\t<\/div>\n\t\t\t\t<div class=\"elementor-element elementor-element-4db1a38 elementor-widget elementor-widget-heading\" data-id=\"4db1a38\" data-element_type=\"widget\" data-widget_type=\"heading.default\">\n\t\t\t\t\t<h2 class=\"elementor-heading-title elementor-size-default\">Asesoramiento personalizado para tu evento<\/h2>\t\t\t\t<\/div>\n\t\t\t\t<\/div>\n\t\t<div class=\"elementor-element elementor-element-263df59 e-con-full e-flex e-con e-child\" data-id=\"263df59\" data-element_type=\"container\">\n\t\t\t\t<div class=\"elementor-element elementor-element-0a0e2d0 elementor-view-default elementor-widget elementor-widget-icon\" data-id=\"0a0e2d0\" data-element_type=\"widget\" data-widget_type=\"icon.default\">\n\t\t\t\t\t\t\t<div class=\"elementor-icon-wrapper\">\n\t\t\t<div class=\"elementor-icon\">\n\t\t\t<svg aria-hidden=\"true\" class=\"e-font-icon-svg e-fas-lightbulb\" viewBox=\"0 0 352 512\" xmlns=\"http:\/\/www.w3.org\/2000\/svg\"><path d=\"M96.06 454.35c.01 6.29 1.87 12.45 5.36 17.69l17.09 25.69a31.99 31.99 0 0 0 26.64 14.28h61.71a31.99 31.99 0 0 0 26.64-14.28l17.09-25.69a31.989 31.989 0 0 0 5.36-17.69l.04-38.35H96.01l.05 38.35zM0 176c0 44.37 16.45 84.85 43.56 115.78 16.52 18.85 42.36 58.23 52.21 91.45.04.26.07.52.11.78h160.24c.04-.26.07-.51.11-.78 9.85-33.22 35.69-72.6 52.21-91.45C335.55 260.85 352 220.37 352 176 352 78.61 272.91-.3 175.45 0 73.44.31 0 82.97 0 176zm176-80c-44.11 0-80 35.89-80 80 0 8.84-7.16 16-16 16s-16-7.16-16-16c0-61.76 50.24-112 112-112 8.84 0 16 7.16 16 16s-7.16 16-16 16z\"><\/path><\/svg>\t\t\t<\/div>\n\t\t<\/div>\n\t\t\t\t\t\t<\/div>\n\t\t\t\t<div class=\"elementor-element elementor-element-cd1a609 elementor-widget elementor-widget-heading\" data-id=\"cd1a609\" data-element_type=\"widget\" data-widget_type=\"heading.default\">\n\t\t\t\t\t<h2 class=\"elementor-heading-title elementor-size-default\">Inspirate con nuestros montajes reales<\/h2>\t\t\t\t<\/div>\n\t\t\t\t<\/div>\n\t\t\t\t<\/div>\n\t\t<div class=\"elementor-element elementor-element-1f074d2 e-con-full e-flex e-con e-parent\" data-id=\"1f074d2\" data-element_type=\"container\" id=\"agenda\" data-settings=\"{&quot;background_background&quot;:&quot;classic&quot;}\">\n\t\t\t\t<div class=\"elementor-element elementor-element-c521149 elementor-widget elementor-widget-heading\" data-id=\"c521149\" data-element_type=\"widget\" data-widget_type=\"heading.default\">\n\t\t\t\t\t<h2 class=\"elementor-heading-title elementor-size-default\">Dejanos tus datos y te contactamos para agendar<\/h2>\t\t\t\t<\/div>\n\t\t\t\t<div class=\"elementor-element elementor-element-acaf5b0 elementor-widget__width-inherit elementor-widget elementor-widget-wpforms\" data-id=\"acaf5b0\" data-element_type=\"widget\" data-widget_type=\"wpforms.default\">\n\t\t\t\t<div class=\"elementor-widget-container\">\n\t\t\t\t\t<style id=\"wpforms-css-vars-elementor-widget-acaf5b0\">\n\t\t\t\t.elementor-widget-wpforms.elementor-element-acaf5b0 {\n\t\t\t\t--wpforms-field-border-radius: 12px;\n--wpforms-button-background-color: #A7DB07;\n\t\t\t}\n\t\t\t<\/style><div class=\"wpforms-container wpforms-container-full wpforms-render-modern\" id=\"wpforms-113\"><form id=\"wpforms-form-113\" class=\"wpforms-validate wpforms-form wpforms-ajax-form\" data-formid=\"113\" method=\"post\" enctype=\"multipart\/form-data\" action=\"\/en\/wp-json\/wp\/v2\/pages\/103\" data-token=\"346bd6972696b58d001cf945c65b85a1\" data-token-time=\"1776435788\"><noscript class=\"wpforms-error-noscript\">Please enable JavaScript in your browser to complete this form.<\/noscript><div id=\"wpforms-error-noscript\" style=\"display: none;\">Please enable JavaScript in your browser to complete this form.<\/div><div class=\"wpforms-field-container\"><div id=\"wpforms-113-field_2-container\" class=\"wpforms-field wpforms-field-name\" data-field-id=\"2\"><fieldset><legend class=\"wpforms-field-label\">Nombre <span class=\"wpforms-required-label\" aria-hidden=\"true\">*<\/span><\/legend><div class=\"wpforms-field-row wpforms-field-medium\"><div class=\"wpforms-field-row-block wpforms-first wpforms-one-half\"><input type=\"text\" id=\"wpforms-113-field_2\" class=\"wpforms-field-name-first wpforms-field-required\" name=\"wpforms[fields][2][first]\" placeholder=\"Nombre\" aria-errormessage=\"wpforms-113-field_2-error\" required><label for=\"wpforms-113-field_2\" class=\"wpforms-field-sublabel after wpforms-sublabel-hide\">First<\/label><\/div><div class=\"wpforms-field-row-block wpforms-one-half\"><input type=\"text\" id=\"wpforms-113-field_2-last\" class=\"wpforms-field-name-last wpforms-field-required\" name=\"wpforms[fields][2][last]\" placeholder=\"Apellido\" aria-errormessage=\"wpforms-113-field_2-last-error\" required><label for=\"wpforms-113-field_2-last\" class=\"wpforms-field-sublabel after wpforms-sublabel-hide\">Last<\/label><\/div><\/div><\/fieldset><\/div>\t\t<div id=\"wpforms-113-field_1-container\"\n\t\t\tclass=\"wpforms-field wpforms-field-text\"\n\t\t\tdata-field-type=\"text\"\n\t\t\tdata-field-id=\"1\"\n\t\t\t>\n\t\t\t<label class=\"wpforms-field-label\" for=\"wpforms-113-field_1\" >Seleccione tipo evento<\/label>\n\t\t\t<input type=\"text\" id=\"wpforms-113-field_1\" class=\"wpforms-field-medium\" name=\"wpforms[fields][1]\" >\n\t\t<\/div>\n\t\t<div id=\"wpforms-113-field_3-container\" class=\"wpforms-field wpforms-field-email\" data-field-id=\"3\"><label class=\"wpforms-field-label\" for=\"wpforms-113-field_3\">Email <span class=\"wpforms-required-label\" aria-hidden=\"true\">*<\/span><\/label><input type=\"email\" id=\"wpforms-113-field_3\" class=\"wpforms-field-medium wpforms-field-required\" name=\"wpforms[fields][3]\" spellcheck=\"false\" aria-errormessage=\"wpforms-113-field_3-error\" required><\/div><div id=\"wpforms-113-field_4-container\" class=\"wpforms-field wpforms-field-number\" data-field-id=\"4\"><label class=\"wpforms-field-label\" for=\"wpforms-113-field_4\">Tel\u00e9fono o Whatsapp <span class=\"wpforms-required-label\" aria-hidden=\"true\">*<\/span><\/label><input type=\"number\" id=\"wpforms-113-field_4\" class=\"wpforms-field-medium wpforms-field-required\" name=\"wpforms[fields][4]\" step=\"any\" aria-errormessage=\"wpforms-113-field_4-error\" required><\/div><div id=\"wpforms-113-field_5-container\" class=\"wpforms-field wpforms-field-checkbox\" data-field-id=\"5\"><fieldset><legend class=\"wpforms-field-label wpforms-label-hide\" aria-hidden=\"false\">Seleccione <span class=\"wpforms-required-label\" aria-hidden=\"true\">*<\/span><\/legend><ul id=\"wpforms-113-field_5\" class=\"wpforms-field-required\"><li class=\"choice-1 depth-1\"><input type=\"checkbox\" id=\"wpforms-113-field_5_1\" name=\"wpforms[fields][5][]\" value=\"Tel\u00e9fono\" aria-errormessage=\"wpforms-113-field_5_1-error\" required ><label class=\"wpforms-field-label-inline\" for=\"wpforms-113-field_5_1\">Tel\u00e9fono<\/label><\/li><li class=\"choice-2 depth-1\"><input type=\"checkbox\" id=\"wpforms-113-field_5_2\" name=\"wpforms[fields][5][]\" value=\"Whatsapp\" aria-errormessage=\"wpforms-113-field_5_2-error\" required ><label class=\"wpforms-field-label-inline\" for=\"wpforms-113-field_5_2\">Whatsapp<\/label><\/li><\/ul><\/fieldset><\/div><div id=\"wpforms-113-field_8-container\" class=\"wpforms-field wpforms-field-select wpforms-field-select-style-classic\" data-field-id=\"8\"><label class=\"wpforms-field-label\" for=\"wpforms-113-field_8\">\u00bfQu\u00e9 tipo de evento est\u00e1s planeando o te gustar\u00eda conocer?<\/label><select id=\"wpforms-113-field_8\" class=\"wpforms-field-medium\" name=\"wpforms[fields][8]\"><option value=\"Boda\"  class=\"choice-1 depth-1\"  >Boda<\/option><option value=\"Evento Corporativo\"  class=\"choice-2 depth-1\"  >Evento Corporativo<\/option><option value=\"Quincea\u00f1os\"  class=\"choice-3 depth-1\"  >Quincea\u00f1os<\/option><\/select><\/div><script>\n\t\t\t\t( function() {\n\t\t\t\t\tconst style = document.createElement( 'style' );\n\t\t\t\t\tstyle.appendChild( document.createTextNode( '#wpforms-113-field_1-container { position: absolute !important; overflow: hidden !important; display: inline !important; height: 1px !important; width: 1px !important; z-index: -1000 !important; padding: 0 !important; } #wpforms-113-field_1-container input { visibility: hidden; } #wpforms-conversational-form-page #wpforms-113-field_1-container label { counter-increment: none; }' ) );\n\t\t\t\t\tdocument.head.appendChild( style );\n\t\t\t\t\tdocument.currentScript?.remove();\n\t\t\t\t} )();\n\t\t\t<\/script><\/div><!-- .wpforms-field-container --><div class=\"wpforms-submit-container\" ><input type=\"hidden\" name=\"wpforms[id]\" value=\"113\"><input type=\"hidden\" name=\"page_title\" value=\"\"><input type=\"hidden\" name=\"page_url\" value=\"https:\/\/relaxedloungeservice.com\/en\/wp-json\/wp\/v2\/pages\/103\"><input type=\"hidden\" name=\"url_referer\" value=\"\"><button type=\"submit\" name=\"wpforms[submit]\" id=\"wpforms-submit-113\" class=\"wpforms-submit\" data-alt-text=\"Enviando...\" data-submit-text=\"Enviar\" aria-live=\"assertive\" value=\"wpforms-submit\">Enviar<\/button><img decoding=\"async\" src=\"https:\/\/relaxedloungeservice.com\/wp-content\/plugins\/wpforms-lite\/assets\/images\/submit-spin.svg\" class=\"wpforms-submit-spinner\" style=\"display: none;\" width=\"26\" height=\"26\" alt=\"Loading\"><\/div><\/form><\/div>  <!-- .wpforms-container -->\t\t\t\t<\/div>\n\t\t\t\t<\/div>\n\t\t\t\t<\/div>\n\t\t<div class=\"elementor-element elementor-element-77a419f e-con-full e-flex e-con e-parent\" data-id=\"77a419f\" data-element_type=\"container\">\n\t\t<div class=\"elementor-element elementor-element-374d654 e-con-full e-flex e-con e-child\" data-id=\"374d654\" data-element_type=\"container\">\n\t\t\t\t<div class=\"elementor-element elementor-element-77618d1 elementor-widget elementor-widget-heading\" data-id=\"77618d1\" data-element_type=\"widget\" data-widget_type=\"heading.default\">\n\t\t\t\t\t<h2 class=\"elementor-heading-title elementor-size-default\">Horarios de atenci\u00f3n<\/h2>\t\t\t\t<\/div>\n\t\t\t\t<div class=\"elementor-element elementor-element-2ee42e7 elementor-widget elementor-widget-text-editor\" data-id=\"2ee42e7\" data-element_type=\"widget\" data-widget_type=\"text-editor.default\">\n\t\t\t\t\t\t\t\t\t<ul data-spread=\"false\" data-pm-slice=\"3 3 [&quot;list&quot;,{&quot;spread&quot;:false,&quot;start&quot;:1240,&quot;end&quot;:1413},&quot;regular_list_item&quot;,{&quot;start&quot;:1314,&quot;end&quot;:1413}]\"><li><p>Lunes a Viernes: 8:00 AM &#8211; 5:00 PM<\/p><\/li><li><p>S\u00e1bados: 8:00 AM &#8211; 12:00 PM<\/p><\/li><li><p>Domingo: 8:00 AM &#8211; 12:00 PM<\/p><\/li><\/ul>\t\t\t\t\t\t\t\t<\/div>\n\t\t\t\t<\/div>\n\t\t<div class=\"elementor-element elementor-element-ecac928 e-con-full e-flex e-con e-child\" data-id=\"ecac928\" data-element_type=\"container\">\n\t\t\t\t<div class=\"elementor-element elementor-element-e51eecb elementor-widget elementor-widget-heading\" data-id=\"e51eecb\" data-element_type=\"widget\" data-widget_type=\"heading.default\">\n\t\t\t\t\t<h2 class=\"elementor-heading-title elementor-size-default\">Datos de Contacto<\/h2>\t\t\t\t<\/div>\n\t\t\t\t<div class=\"elementor-element elementor-element-4ef5a08 elementor-widget elementor-widget-text-editor\" data-id=\"4ef5a08\" data-element_type=\"widget\" data-widget_type=\"text-editor.default\">\n\t\t\t\t\t\t\t\t\t<p>\ud83c\udfe0 <strong>Ubicaci\u00f3n<\/strong><\/p><p>km 16.9 carretera al salvador ofibodegas El Doral 1, Bodega 27<\/p><p>\u260e\ufe0f <strong>Tel\u00e9fono\u00a0\u00a0<\/strong><\/p><p>+502 6634-5805<\/p><p>\u00a0<\/p>\t\t\t\t\t\t\t\t<\/div>\n\t\t\t\t<\/div>\n\t\t<div class=\"elementor-element elementor-element-c672930 e-con-full elementor-hidden-tablet elementor-hidden-mobile e-flex e-con e-child\" data-id=\"c672930\" data-element_type=\"container\">\n\t\t\t\t<div class=\"elementor-element elementor-element-facfa8c elementor-widget elementor-widget-google_maps\" data-id=\"facfa8c\" data-element_type=\"widget\" data-widget_type=\"google_maps.default\">\n\t\t\t\t\t\t\t<div class=\"elementor-custom-embed\">\n\t\t\t<iframe loading=\"lazy\"\n\t\t\t\t\tsrc=\"https:\/\/maps.google.com\/maps?q=km%2016.9%20carretera%20a%20el%20salvador%20ofibodegas%20el%20doral%201&#038;t=m&#038;z=10&#038;output=embed&#038;iwloc=near\"\n\t\t\t\t\ttitle=\"km 16.9 carretera a el salvador ofibodegas el doral 1\"\n\t\t\t\t\taria-label=\"km 16.9 carretera a el salvador ofibodegas el doral 1\"\n\t\t\t><\/iframe>\n\t\t<\/div>\n\t\t\t\t\t\t<\/div>\n\t\t\t\t<\/div>\n\t\t\t\t<\/div>\n\t\t<div class=\"elementor-element elementor-element-53e0484 e-con-full e-flex e-con e-parent\" data-id=\"53e0484\" data-element_type=\"container\" data-settings=\"{&quot;background_background&quot;:&quot;classic&quot;}\">\n\t\t\t\t<div class=\"elementor-element elementor-element-3c776e2 elementor-widget elementor-widget-heading\" data-id=\"3c776e2\" data-element_type=\"widget\" data-widget_type=\"heading.default\">\n\t\t\t\t\t<h2 class=\"elementor-heading-title elementor-size-default\">Te esperamos para transformar tu visi\u00f3n en una experiencia inolvidable<\/h2>\t\t\t\t<\/div>\n\t\t\t\t<div class=\"elementor-element elementor-element-ffbd837 elementor-widget elementor-widget-text-editor\" data-id=\"ffbd837\" data-element_type=\"widget\" data-widget_type=\"text-editor.default\">\n\t\t\t\t\t\t\t\t\t<p>Nuestro equipo est\u00e1 listo para ayudarte a planear tu evento. Al agendar tu visita al showroom, conoc\u00e9s todas las opciones para tu evento ideal<\/p>\t\t\t\t\t\t\t\t<\/div>\n\t\t\t\t<\/div>\n\t\t\t\t<\/div>\n\t\t","protected":false},"excerpt":{"rendered":"<p>Tu pr\u00f3ximo evento comienza aqu\u00ed Quer\u00e9s conocer nuestras l\u00edneas de mobiliario para eventos? Agenda tu visita y viv\u00ed la experiencia Relaxed Lounge Service con asesor\u00eda personalizada y dise\u00f1o exclusivo. Agendar mi visita Conoc\u00e9 nuestras l\u00edneas exclusivas en persona Asesoramiento personalizado para tu evento Inspirate con nuestros montajes reales Dejanos tus datos y te contactamos para [&hellip;]<\/p>\n","protected":false},"author":1,"featured_media":0,"parent":0,"menu_order":0,"comment_status":"closed","ping_status":"closed","template":"","meta":{"inline_featured_image":false,"footnotes":""},"class_list":["post-103","page","type-page","status-publish","hentry"],"_links":{"self":[{"href":"https:\/\/relaxedloungeservice.com\/en\/wp-json\/wp\/v2\/pages\/103","targetHints":{"allow":["GET"]}}],"collection":[{"href":"https:\/\/relaxedloungeservice.com\/en\/wp-json\/wp\/v2\/pages"}],"about":[{"href":"https:\/\/relaxedloungeservice.com\/en\/wp-json\/wp\/v2\/types\/page"}],"author":[{"embeddable":true,"href":"https:\/\/relaxedloungeservice.com\/en\/wp-json\/wp\/v2\/users\/1"}],"replies":[{"embeddable":true,"href":"https:\/\/relaxedloungeservice.com\/en\/wp-json\/wp\/v2\/comments?post=103"}],"version-history":[{"count":49,"href":"https:\/\/relaxedloungeservice.com\/en\/wp-json\/wp\/v2\/pages\/103\/revisions"}],"predecessor-version":[{"id":518,"href":"https:\/\/relaxedloungeservice.com\/en\/wp-json\/wp\/v2\/pages\/103\/revisions\/518"}],"wp:attachment":[{"href":"https:\/\/relaxedloungeservice.com\/en\/wp-json\/wp\/v2\/media?parent=103"}],"curies":[{"name":"wp","href":"https:\/\/api.w.org\/{rel}","templated":true}]}}