{"id":137,"date":"2025-07-03T19:25:09","date_gmt":"2025-07-03T19:25:09","guid":{"rendered":"https:\/\/relaxedloungeservice.com\/?page_id=137"},"modified":"2025-07-07T17:33:59","modified_gmt":"2025-07-07T17:33:59","slug":"tendencias-mobiliario-eventos","status":"publish","type":"page","link":"https:\/\/relaxedloungeservice.com\/en\/tendencias-mobiliario-eventos\/","title":{"rendered":"Blog"},"content":{"rendered":"<div data-elementor-type=\"wp-page\" data-elementor-id=\"137\" class=\"elementor elementor-137\" data-elementor-post-type=\"page\">\n\t\t\t\t<div class=\"elementor-element elementor-element-e533bfe e-con-full e-flex e-con e-parent\" data-id=\"e533bfe\" data-element_type=\"container\" data-settings=\"{&quot;background_background&quot;:&quot;classic&quot;}\">\n\t\t\t\t<div class=\"elementor-element elementor-element-cdb7ead elementor-widget elementor-widget-heading\" data-id=\"cdb7ead\" data-element_type=\"widget\" data-widget_type=\"heading.default\">\n\t\t\t\t\t<h1 class=\"elementor-heading-title elementor-size-default\">Inspirate, descubr\u00ed tendencias, encontr\u00e1 ideas<\/h1>\t\t\t\t<\/div>\n\t\t\t\t<div class=\"elementor-element elementor-element-8b16da4 elementor-widget elementor-widget-text-editor\" data-id=\"8b16da4\" data-element_type=\"widget\" data-widget_type=\"text-editor.default\">\n\t\t\t\t\t\t\t\t\t<p>Nuestro blog es un espacio para quienes viven y sue\u00f1an los eventos<\/p>\t\t\t\t\t\t\t\t<\/div>\n\t\t\t\t<\/div>\n\t\t<div class=\"elementor-element elementor-element-59ddbea e-con-full e-flex e-con e-parent\" data-id=\"59ddbea\" data-element_type=\"container\" data-settings=\"{&quot;background_background&quot;:&quot;classic&quot;}\">\n\t\t\t\t<div class=\"elementor-element elementor-element-2ef5384 elementor-widget elementor-widget-heading\" data-id=\"2ef5384\" data-element_type=\"widget\" data-widget_type=\"heading.default\">\n\t\t\t\t\t<h2 class=\"elementor-heading-title elementor-size-default\">Tendencias en mobiliario para eventos<\/h2>\t\t\t\t<\/div>\n\t\t\t\t<div class=\"elementor-element elementor-element-23b46b4 elementor-widget elementor-widget-text-editor\" data-id=\"23b46b4\" data-element_type=\"widget\" data-widget_type=\"text-editor.default\">\n\t\t\t\t\t\t\t\t\t<p>En Relaxed Lounge Service queremos inspirarte con las mejores ideas de decoraci\u00f3n para eventos. En este blog encontrar\u00e1s las tendencias en mobiliario para eventos que est\u00e1n marcando estilo en Guatemala y el mundo. Desde montajes minimalistas hasta ambientes glamorosos, nuestro contenido est\u00e1 pensado para ayudarte a visualizar tu evento so\u00f1ado con propuestas reales, consejos de expertos y mucha inspiraci\u00f3n visual.<\/p>\t\t\t\t\t\t\t\t<\/div>\n\t\t\t\t<\/div>\n\t\t<div class=\"elementor-element elementor-element-11960a5 e-flex e-con-boxed e-con e-parent\" data-id=\"11960a5\" data-element_type=\"container\">\n\t\t\t\t\t<div class=\"e-con-inner\">\n\t\t\t\t\t\t\t<div data-eael_scale_effect=\"{&quot;scale_x&quot;:1.4,&quot;scale_y&quot;:1.4}\" data-eael_duration=\"{&quot;transitionDuration&quot;:1000}\" data-eael_easing=\"{&quot;transitionEasing&quot;:&quot;ease&quot;}\" data-eael_hover_duration=\"{&quot;transitionDuration&quot;:1000}\" data-eael_hover_easing=\"{&quot;transitionEasing&quot;:&quot;ease&quot;}\" class=\"eael_hover_effect elementor-element elementor-element-f0fef1c elementor-grid-3 elementor-grid-tablet-2 elementor-grid-mobile-1 elementor-posts--thumbnail-top elementor-card-shadow-yes elementor-posts__hover-gradient elementor-widget elementor-widget-posts\" data-id=\"f0fef1c\" data-element_type=\"widget\" data-settings=\"{&quot;eael_hover_effect_transform_popover&quot;:&quot;yes&quot;,&quot;cards_columns&quot;:&quot;3&quot;,&quot;cards_columns_tablet&quot;:&quot;2&quot;,&quot;cards_columns_mobile&quot;:&quot;1&quot;,&quot;cards_row_gap&quot;:{&quot;unit&quot;:&quot;px&quot;,&quot;size&quot;:35,&quot;sizes&quot;:[]},&quot;cards_row_gap_tablet&quot;:{&quot;unit&quot;:&quot;px&quot;,&quot;size&quot;:&quot;&quot;,&quot;sizes&quot;:[]},&quot;cards_row_gap_mobile&quot;:{&quot;unit&quot;:&quot;px&quot;,&quot;size&quot;:&quot;&quot;,&quot;sizes&quot;:[]},&quot;eael_hover_effect_general_settings_easing&quot;:&quot;ease&quot;,&quot;eael_hover_effect_general_settings_hover_easing&quot;:&quot;ease&quot;}\" data-widget_type=\"posts.cards\">\n\t\t\t\t<div class=\"elementor-widget-container\">\n\t\t\t\t\t\t\t<div class=\"elementor-posts-container elementor-posts elementor-posts--skin-cards elementor-grid\">\n\t\t\t\t<article class=\"elementor-post elementor-grid-item post-368 post type-post status-publish format-standard has-post-thumbnail hentry category-blog category-bodas-de-destino-blog\">\n\t\t\t<div class=\"elementor-post__card\">\n\t\t\t\t<a class=\"elementor-post__thumbnail__link\" href=\"https:\/\/relaxedloungeservice.com\/en\/bodas-destino-antigua-guatemala\/\" tabindex=\"-1\" ><div class=\"elementor-post__thumbnail\"><img fetchpriority=\"high\" decoding=\"async\" width=\"300\" height=\"200\" src=\"https:\/\/relaxedloungeservice.com\/wp-content\/uploads\/2025\/07\/RLS-La-Recoleccion-Diana-10-300x200.jpg\" class=\"attachment-medium size-medium wp-image-370\" alt=\"\" srcset=\"https:\/\/relaxedloungeservice.com\/wp-content\/uploads\/2025\/07\/RLS-La-Recoleccion-Diana-10-300x200.jpg 300w, https:\/\/relaxedloungeservice.com\/wp-content\/uploads\/2025\/07\/RLS-La-Recoleccion-Diana-10-1024x683.jpg 1024w, https:\/\/relaxedloungeservice.com\/wp-content\/uploads\/2025\/07\/RLS-La-Recoleccion-Diana-10-768x512.jpg 768w, https:\/\/relaxedloungeservice.com\/wp-content\/uploads\/2025\/07\/RLS-La-Recoleccion-Diana-10-1536x1024.jpg 1536w, https:\/\/relaxedloungeservice.com\/wp-content\/uploads\/2025\/07\/RLS-La-Recoleccion-Diana-10-18x12.jpg 18w, https:\/\/relaxedloungeservice.com\/wp-content\/uploads\/2025\/07\/RLS-La-Recoleccion-Diana-10.jpg 1800w\" sizes=\"(max-width: 300px) 100vw, 300px\" \/><\/div><\/a>\n\t\t\t\t<div class=\"elementor-post__text\">\n\t\t\t\t<h3 class=\"elementor-post__title\">\n\t\t\t<a href=\"https:\/\/relaxedloungeservice.com\/en\/bodas-destino-antigua-guatemala\/\" >\n\t\t\t\tCuando lo hist\u00f3rico abraza lo emocional\t\t\t<\/a>\n\t\t<\/h3>\n\t\t\t\t<div class=\"elementor-post__excerpt\">\n\t\t\t<p>Cuando<\/p>\n\t\t<\/div>\n\t\t\n\t\t<a class=\"elementor-post__read-more\" href=\"https:\/\/relaxedloungeservice.com\/en\/bodas-destino-antigua-guatemala\/\" aria-label=\"Read more about Cuando lo hist\u00f3rico abraza lo emocional\" tabindex=\"-1\" >\n\t\t\tleer m\u00e1s \u00bb\t\t<\/a>\n\n\t\t\t\t<\/div>\n\t\t\t\t\t<\/div>\n\t\t<\/article>\n\t\t\t\t<\/div>\n\t\t\n\t\t\t\t\t\t<\/div>\n\t\t\t\t<\/div>\n\t\t\t\t\t<\/div>\n\t\t\t\t<\/div>\n\t\t<div class=\"elementor-element elementor-element-4a88995 e-con-full e-flex e-con e-parent\" data-id=\"4a88995\" data-element_type=\"container\" data-settings=\"{&quot;background_background&quot;:&quot;classic&quot;}\">\n\t\t\t\t<div class=\"elementor-element elementor-element-4af173e elementor-widget elementor-widget-heading\" data-id=\"4af173e\" data-element_type=\"widget\" data-widget_type=\"heading.default\">\n\t\t\t\t\t<h2 class=\"elementor-heading-title elementor-size-default\">Convert\u00ed la inspiraci\u00f3n en acci\u00f3n. Agenda tu visita personalizada<\/h2>\t\t\t\t<\/div>\n\t\t\t\t<div class=\"elementor-element elementor-element-6dd18ed elementor-widget elementor-widget-button\" data-id=\"6dd18ed\" data-element_type=\"widget\" data-widget_type=\"button.default\">\n\t\t\t\t\t\t\t\t\t\t<a class=\"elementor-button elementor-button-link elementor-size-sm\" href=\"https:\/\/relaxedloungeservice.com\/en\/agenda-tu-visita\/\">\n\t\t\t\t\t\t<span class=\"elementor-button-content-wrapper\">\n\t\t\t\t\t\t\t\t\t<span class=\"elementor-button-text\">Agendar ahora<\/span>\n\t\t\t\t\t<\/span>\n\t\t\t\t\t<\/a>\n\t\t\t\t\t\t\t\t<\/div>\n\t\t\t\t<\/div>\n\t\t\t\t<\/div>","protected":false},"excerpt":{"rendered":"<p>Inspirate, descubr\u00ed tendencias, encontr\u00e1 ideas Nuestro blog es un espacio para quienes viven y sue\u00f1an los eventos Tendencias en mobiliario para eventos En Relaxed Lounge Service queremos inspirarte con las mejores ideas de decoraci\u00f3n para eventos. En este blog encontrar\u00e1s las tendencias en mobiliario para eventos que est\u00e1n marcando estilo en Guatemala y el mundo. [&hellip;]<\/p>\n","protected":false},"author":1,"featured_media":0,"parent":0,"menu_order":0,"comment_status":"closed","ping_status":"closed","template":"","meta":{"inline_featured_image":false,"footnotes":""},"class_list":["post-137","page","type-page","status-publish","hentry"],"_links":{"self":[{"href":"https:\/\/relaxedloungeservice.com\/en\/wp-json\/wp\/v2\/pages\/137","targetHints":{"allow":["GET"]}}],"collection":[{"href":"https:\/\/relaxedloungeservice.com\/en\/wp-json\/wp\/v2\/pages"}],"about":[{"href":"https:\/\/relaxedloungeservice.com\/en\/wp-json\/wp\/v2\/types\/page"}],"author":[{"embeddable":true,"href":"https:\/\/relaxedloungeservice.com\/en\/wp-json\/wp\/v2\/users\/1"}],"replies":[{"embeddable":true,"href":"https:\/\/relaxedloungeservice.com\/en\/wp-json\/wp\/v2\/comments?post=137"}],"version-history":[{"count":22,"href":"https:\/\/relaxedloungeservice.com\/en\/wp-json\/wp\/v2\/pages\/137\/revisions"}],"predecessor-version":[{"id":381,"href":"https:\/\/relaxedloungeservice.com\/en\/wp-json\/wp\/v2\/pages\/137\/revisions\/381"}],"wp:attachment":[{"href":"https:\/\/relaxedloungeservice.com\/en\/wp-json\/wp\/v2\/media?parent=137"}],"curies":[{"name":"wp","href":"https:\/\/api.w.org\/{rel}","templated":true}]}}