{"id":145,"date":"2025-07-03T19:48:14","date_gmt":"2025-07-03T19:48:14","guid":{"rendered":"https:\/\/relaxedloungeservice.com\/?page_id=145"},"modified":"2025-07-04T16:31:04","modified_gmt":"2025-07-04T16:31:04","slug":"terminos-condiciones","status":"publish","type":"page","link":"https:\/\/relaxedloungeservice.com\/en\/terminos-condiciones\/","title":{"rendered":"Terminos y Condiciones"},"content":{"rendered":"\t\t<div data-elementor-type=\"wp-page\" data-elementor-id=\"145\" class=\"elementor elementor-145\" data-elementor-post-type=\"page\">\n\t\t\t\t<div class=\"elementor-element elementor-element-768fa1e e-con-full e-flex e-con e-parent\" data-id=\"768fa1e\" data-element_type=\"container\">\n\t\t\t\t<div class=\"elementor-element elementor-element-e7921ae elementor-widget elementor-widget-heading\" data-id=\"e7921ae\" data-element_type=\"widget\" data-widget_type=\"heading.default\">\n\t\t\t\t\t<h1 class=\"elementor-heading-title elementor-size-default\">T\u00e9rminos y condiciones de uso<\/h1>\t\t\t\t<\/div>\n\t\t\t\t<div class=\"elementor-element elementor-element-90ab6ad elementor-widget elementor-widget-text-editor\" data-id=\"90ab6ad\" data-element_type=\"widget\" data-widget_type=\"text-editor.default\">\n\t\t\t\t\t\t\t\t\t<p data-pm-slice=\"1 1 [&quot;list&quot;,{&quot;spread&quot;:false,&quot;start&quot;:358,&quot;end&quot;:633},&quot;regular_list_item&quot;,{&quot;start&quot;:441,&quot;end&quot;:633},&quot;blockquote&quot;,{&quot;start&quot;:466,&quot;end&quot;:633}]\">Bienvenido al sitio web de Relaxed Lounge Service. Al navegar en nuestro sitio, acept\u00e1s los siguientes t\u00e9rminos y condiciones. Te pedimos que los leas detenidamente.<\/p>\t\t\t\t\t\t\t\t<\/div>\n\t\t\t\t<\/div>\n\t\t<div class=\"elementor-element elementor-element-c22b0ae e-con-full e-flex e-con e-parent\" data-id=\"c22b0ae\" data-element_type=\"container\">\n\t\t\t\t<div class=\"elementor-element elementor-element-93befd7 elementor-widget elementor-widget-heading\" data-id=\"93befd7\" data-element_type=\"widget\" data-widget_type=\"heading.default\">\n\t\t\t\t\t<h2 class=\"elementor-heading-title elementor-size-default\">T\u00e9rminos de uso<\/h2>\t\t\t\t<\/div>\n\t\t\t\t<div class=\"elementor-element elementor-element-0826a8d elementor-widget elementor-widget-text-editor\" data-id=\"0826a8d\" data-element_type=\"widget\" data-widget_type=\"text-editor.default\">\n\t\t\t\t\t\t\t\t\t<ol start=\"1\" data-spread=\"false\" data-pm-slice=\"3 3 []\"><li><p><strong>Prop\u00f3sito del sitio<\/strong>: Este sitio tiene como finalidad proporcionar informaci\u00f3n sobre servicios de renta de mobiliario para eventos y permitir a los usuarios agendar visitas o hacer consultas.<\/p><\/li><li><p><strong>Propiedad intelectual<\/strong>: Todos los contenidos (fotos, textos, logotipos) son propiedad de Relaxed Lounge Service. No est\u00e1 permitida su reproducci\u00f3n sin autorizaci\u00f3n previa.<\/p><\/li><li><p><strong>Uso adecuado<\/strong>: El usuario se compromete a no hacer uso indebido del sitio web, incluyendo ataques inform\u00e1ticos, spam o suplantaci\u00f3n de identidad.<\/p><\/li><li><p><strong>Modificaciones<\/strong>: Nos reservamos el derecho de modificar estos t\u00e9rminos en cualquier momento sin previo aviso.<\/p><\/li><\/ol>\t\t\t\t\t\t\t\t<\/div>\n\t\t\t\t<\/div>\n\t\t<div class=\"elementor-element elementor-element-36231fa e-con-full e-flex e-con e-parent\" data-id=\"36231fa\" data-element_type=\"container\">\n\t\t\t\t<div class=\"elementor-element elementor-element-90ff792 elementor-widget elementor-widget-heading\" data-id=\"90ff792\" data-element_type=\"widget\" data-widget_type=\"heading.default\">\n\t\t\t\t\t<h2 class=\"elementor-heading-title elementor-size-default\">Aviso de privacidad<\/h2>\t\t\t\t<\/div>\n\t\t\t\t<div class=\"elementor-element elementor-element-30444b2 elementor-widget elementor-widget-text-editor\" data-id=\"30444b2\" data-element_type=\"widget\" data-widget_type=\"text-editor.default\">\n\t\t\t\t\t\t\t\t\t<ol start=\"1\" data-spread=\"false\" data-pm-slice=\"3 3 []\"><li><p><strong>Datos que recolectamos<\/strong>: Nombre, correo, tel\u00e9fono, informaci\u00f3n sobre el evento.<\/p><\/li><li><p><strong>Uso de los datos<\/strong>: Los datos se utilizan exclusivamente para responder solicitudes, agendar visitas o enviar informaci\u00f3n relevante sobre nuestros servicios.<\/p><\/li><li><p><strong>Protecci\u00f3n de la informaci\u00f3n<\/strong>: No compartimos tus datos con terceros. Implementamos medidas t\u00e9cnicas y organizativas para proteger la informaci\u00f3n.<\/p><\/li><li><p><strong>Derechos del usuario<\/strong>: Pod\u00e9s solicitar la eliminaci\u00f3n de tus datos escribiendo a <a>hola@relaxedlounge.com<\/a><\/p><\/li><\/ol>\t\t\t\t\t\t\t\t<\/div>\n\t\t\t\t<\/div>\n\t\t<div class=\"elementor-element elementor-element-2de3173 e-con-full e-flex e-con e-parent\" data-id=\"2de3173\" data-element_type=\"container\" data-settings=\"{&quot;background_background&quot;:&quot;classic&quot;}\">\n\t\t\t\t<div class=\"elementor-element elementor-element-6f0df09 elementor-widget elementor-widget-heading\" data-id=\"6f0df09\" data-element_type=\"widget\" data-widget_type=\"heading.default\">\n\t\t\t\t\t<h2 class=\"elementor-heading-title elementor-size-default\">Si ten\u00e9s dudas sobre estos t\u00e9rminos o sobre el uso de tus datos, pod\u00e9s contactarnos al correo hola@relaxedlounge.com.<\/h2>\t\t\t\t<\/div>\n\t\t\t\t<\/div>\n\t\t\t\t<\/div>\n\t\t","protected":false},"excerpt":{"rendered":"<p>T\u00e9rminos y condiciones de uso Bienvenido al sitio web de Relaxed Lounge Service. Al navegar en nuestro sitio, acept\u00e1s los siguientes t\u00e9rminos y condiciones. Te pedimos que los leas detenidamente. T\u00e9rminos de uso Prop\u00f3sito del sitio: Este sitio tiene como finalidad proporcionar informaci\u00f3n sobre servicios de renta de mobiliario para eventos y permitir a los [&hellip;]<\/p>\n","protected":false},"author":1,"featured_media":0,"parent":0,"menu_order":0,"comment_status":"closed","ping_status":"closed","template":"","meta":{"inline_featured_image":false,"footnotes":""},"class_list":["post-145","page","type-page","status-publish","hentry"],"_links":{"self":[{"href":"https:\/\/relaxedloungeservice.com\/en\/wp-json\/wp\/v2\/pages\/145","targetHints":{"allow":["GET"]}}],"collection":[{"href":"https:\/\/relaxedloungeservice.com\/en\/wp-json\/wp\/v2\/pages"}],"about":[{"href":"https:\/\/relaxedloungeservice.com\/en\/wp-json\/wp\/v2\/types\/page"}],"author":[{"embeddable":true,"href":"https:\/\/relaxedloungeservice.com\/en\/wp-json\/wp\/v2\/users\/1"}],"replies":[{"embeddable":true,"href":"https:\/\/relaxedloungeservice.com\/en\/wp-json\/wp\/v2\/comments?post=145"}],"version-history":[{"count":7,"href":"https:\/\/relaxedloungeservice.com\/en\/wp-json\/wp\/v2\/pages\/145\/revisions"}],"predecessor-version":[{"id":239,"href":"https:\/\/relaxedloungeservice.com\/en\/wp-json\/wp\/v2\/pages\/145\/revisions\/239"}],"wp:attachment":[{"href":"https:\/\/relaxedloungeservice.com\/en\/wp-json\/wp\/v2\/media?parent=145"}],"curies":[{"name":"wp","href":"https:\/\/api.w.org\/{rel}","templated":true}]}}