{"id":72,"date":"2025-07-03T04:23:04","date_gmt":"2025-07-03T04:23:04","guid":{"rendered":"https:\/\/relaxedloungeservice.com\/?page_id=72"},"modified":"2025-07-31T17:48:09","modified_gmt":"2025-07-31T17:48:09","slug":"nuestra-esencia","status":"publish","type":"page","link":"https:\/\/relaxedloungeservice.com\/en\/nuestra-esencia\/","title":{"rendered":"Our Essence"},"content":{"rendered":"\t\t<div data-elementor-type=\"wp-page\" data-elementor-id=\"72\" class=\"elementor elementor-72\" data-elementor-post-type=\"page\">\n\t\t\t\t<div class=\"elementor-element elementor-element-2090355 e-con-full hero-video-fondo-fijo e-flex e-con e-parent\" data-id=\"2090355\" data-element_type=\"container\" data-settings=\"{&quot;background_background&quot;:&quot;video&quot;,&quot;background_video_link&quot;:&quot;https:\\\/\\\/www.youtube.com\\\/embed\\\/m5WbD5X840s?autoplay=1&amp;mute=1&amp;controls=0&amp;showinfo=0&amp;rel=0&amp;loop=1&amp;playlist=m5WbD5X840s&amp;modestbranding=1&quot;,&quot;background_video_start&quot;:0,&quot;background_video_end&quot;:60,&quot;background_play_on_mobile&quot;:&quot;yes&quot;}\">\n\t\t<div class=\"elementor-background-video-container\">\n\t\t\t\t\t\t\t<div class=\"elementor-background-video-embed\"><\/div>\n\t\t\t\t\t\t<\/div><div class=\"elementor-element elementor-element-5abfd17 e-con-full bloqueo-click e-flex e-con e-child\" data-id=\"5abfd17\" data-element_type=\"container\" data-settings=\"{&quot;background_background&quot;:&quot;classic&quot;,&quot;position&quot;:&quot;absolute&quot;}\">\n\t\t\t\t<\/div>\n\t\t<div class=\"elementor-element elementor-element-b5cd2dd e-con-full e-flex e-con e-child\" data-id=\"b5cd2dd\" data-element_type=\"container\">\n\t\t\t\t<div class=\"elementor-element elementor-element-f08250a elementor-invisible elementor-widget elementor-widget-heading\" data-id=\"f08250a\" data-element_type=\"widget\" data-settings=\"{&quot;_animation&quot;:&quot;fadeInUp&quot;,&quot;_animation_delay&quot;:100}\" data-widget_type=\"heading.default\">\n\t\t\t\t\t<h1 class=\"elementor-heading-title elementor-size-default\">Nuestra Esencia<\/h1>\t\t\t\t<\/div>\n\t\t\t\t<div class=\"elementor-element elementor-element-5ff0689 elementor-invisible elementor-widget elementor-widget-text-editor\" data-id=\"5ff0689\" data-element_type=\"widget\" data-settings=\"{&quot;_animation&quot;:&quot;fadeInUp&quot;,&quot;_animation_delay&quot;:200}\" data-widget_type=\"text-editor.default\">\n\t\t\t\t\t\t\t\t\t<p data-pm-slice=\"1 1 [&quot;list&quot;,{&quot;spread&quot;:true,&quot;start&quot;:548,&quot;end&quot;:865},&quot;regular_list_item&quot;,{&quot;start&quot;:676,&quot;end&quot;:865}]\">Pasado, presente y una visi\u00f3n clara hacia el futuro<\/p>\t\t\t\t\t\t\t\t<\/div>\n\t\t\t\t<\/div>\n\t\t\t\t<\/div>\n\t\t<div class=\"elementor-element elementor-element-c833c20 e-con-full e-flex e-con e-parent\" data-id=\"c833c20\" data-element_type=\"container\" data-settings=\"{&quot;background_background&quot;:&quot;classic&quot;}\">\n\t\t\t\t<div class=\"elementor-element elementor-element-6dc0ec7 elementor-invisible elementor-widget elementor-widget-heading\" data-id=\"6dc0ec7\" data-element_type=\"widget\" data-settings=\"{&quot;_animation&quot;:&quot;fadeInUp&quot;,&quot;_animation_delay&quot;:100}\" data-widget_type=\"heading.default\">\n\t\t\t\t\t<h2 class=\"elementor-heading-title elementor-size-default\">Somos m\u00e1s que mobiliario: somos dise\u00f1o, servicio y emoci\u00f3n en cada montaje.<\/h2>\t\t\t\t<\/div>\n\t\t\t\t<\/div>\n\t\t<div class=\"elementor-element elementor-element-0da96ec e-con-full e-flex e-con e-parent\" data-id=\"0da96ec\" data-element_type=\"container\">\n\t\t<div class=\"elementor-element elementor-element-83621fe e-con-full e-flex e-con e-child\" data-id=\"83621fe\" data-element_type=\"container\">\n\t\t\t\t<div class=\"elementor-element elementor-element-170cec2 elementor-widget elementor-widget-heading\" data-id=\"170cec2\" data-element_type=\"widget\" data-widget_type=\"heading.default\">\n\t\t\t\t\t<h2 class=\"elementor-heading-title elementor-size-default\">Un inicio con prop\u00f3sito<\/h2>\t\t\t\t<\/div>\n\t\t\t\t<div class=\"elementor-element elementor-element-8ed1031 elementor-widget elementor-widget-text-editor\" data-id=\"8ed1031\" data-element_type=\"widget\" data-widget_type=\"text-editor.default\">\n\t\t\t\t\t\t\t\t\t<p data-pm-slice=\"1 1 [&quot;list&quot;,{&quot;spread&quot;:true,&quot;start&quot;:1148,&quot;end&quot;:1689},&quot;regular_list_item&quot;,{&quot;start&quot;:1234,&quot;end&quot;:1476}]\">Nacimos en 2010 con una meta clara: ofrecer mobiliario exclusivo para eventos sociales y corporativos en renta. Comenzamos con una l\u00ednea b\u00e1sica y moderna para 50 personas.<\/p><p data-pm-slice=\"1 1 [&quot;list&quot;,{&quot;spread&quot;:true,&quot;start&quot;:1148,&quot;end&quot;:1689},&quot;regular_list_item&quot;,{&quot;start&quot;:1234,&quot;end&quot;:1476}]\"><br><\/p><p data-pm-slice=\"1 1 [&quot;list&quot;,{&quot;spread&quot;:true,&quot;start&quot;:1148,&quot;end&quot;:1689},&quot;regular_list_item&quot;,{&quot;start&quot;:1478,&quot;end&quot;:1689}]\">Meses despu\u00e9s, sumamos el servicio de cocteler\u00eda y shots, ampliando nuestra experiencia. Hoy, contamos con m\u00e1s de 60 aliados comerciales y capacidad para eventos de hasta 6,000 personas<\/p>\t\t\t\t\t\t\t\t<\/div>\n\t\t\t\t<\/div>\n\t\t<div class=\"elementor-element elementor-element-4b9bcb8 e-con-full e-flex e-con e-child\" data-id=\"4b9bcb8\" data-element_type=\"container\">\n\t\t\t\t<div class=\"elementor-element elementor-element-d14795f elementor-widget elementor-widget-image\" data-id=\"d14795f\" data-element_type=\"widget\" data-widget_type=\"image.default\">\n\t\t\t\t\t\t\t\t\t\t\t\t\t\t\t<img fetchpriority=\"high\" decoding=\"async\" width=\"800\" height=\"572\" src=\"https:\/\/relaxedloungeservice.com\/wp-content\/uploads\/2025\/07\/Imagen-de-WhatsApp-2025-07-15-a-las-09.42.34_c568f43e-1024x732.jpg\" class=\"attachment-large size-large wp-image-453\" alt=\"\" srcset=\"https:\/\/relaxedloungeservice.com\/wp-content\/uploads\/2025\/07\/Imagen-de-WhatsApp-2025-07-15-a-las-09.42.34_c568f43e-1024x732.jpg.webp 1024w, https:\/\/relaxedloungeservice.com\/wp-content\/uploads\/2025\/07\/Imagen-de-WhatsApp-2025-07-15-a-las-09.42.34_c568f43e-300x215.jpg.webp 300w, https:\/\/relaxedloungeservice.com\/wp-content\/uploads\/2025\/07\/Imagen-de-WhatsApp-2025-07-15-a-las-09.42.34_c568f43e-768x549.jpg.webp 768w, https:\/\/relaxedloungeservice.com\/wp-content\/uploads\/2025\/07\/Imagen-de-WhatsApp-2025-07-15-a-las-09.42.34_c568f43e-1536x1098.jpg.webp 1536w, https:\/\/relaxedloungeservice.com\/wp-content\/uploads\/2025\/07\/Imagen-de-WhatsApp-2025-07-15-a-las-09.42.34_c568f43e-18x12.jpg.webp 18w, https:\/\/relaxedloungeservice.com\/wp-content\/uploads\/2025\/07\/Imagen-de-WhatsApp-2025-07-15-a-las-09.42.34_c568f43e.jpg.webp 1600w\" sizes=\"(max-width: 800px) 100vw, 800px\" \/>\t\t\t\t\t\t\t\t\t\t\t\t\t\t\t<\/div>\n\t\t\t\t<\/div>\n\t\t\t\t<\/div>\n\t\t<div class=\"elementor-element elementor-element-50a539f e-flex e-con-boxed e-con e-parent\" data-id=\"50a539f\" data-element_type=\"container\" data-settings=\"{&quot;background_background&quot;:&quot;classic&quot;}\">\n\t\t\t\t\t<div class=\"e-con-inner\">\n\t\t<div class=\"elementor-element elementor-element-09f7a0b e-con-full e-flex e-con e-child\" data-id=\"09f7a0b\" data-element_type=\"container\">\n\t\t\t\t<div class=\"elementor-element elementor-element-56da2a3 elementor-widget elementor-widget-counter\" data-id=\"56da2a3\" data-element_type=\"widget\" data-widget_type=\"counter.default\">\n\t\t\t\t\t\t\t<div class=\"elementor-counter\">\n\t\t\t<div class=\"elementor-counter-title\">+60 aliados Comerciales<\/div>\t\t\t<div class=\"elementor-counter-number-wrapper\">\n\t\t\t\t<span class=\"elementor-counter-number-prefix\"><\/span>\n\t\t\t\t<span class=\"elementor-counter-number\" data-duration=\"2000\" data-to-value=\"60\" data-from-value=\"50\" data-delimiter=\",\">50<\/span>\n\t\t\t\t<span class=\"elementor-counter-number-suffix\"><\/span>\n\t\t\t<\/div>\n\t\t<\/div>\n\t\t\t\t\t\t<\/div>\n\t\t\t\t<\/div>\n\t\t<div class=\"elementor-element elementor-element-e4980b7 e-con-full e-flex e-con e-child\" data-id=\"e4980b7\" data-element_type=\"container\">\n\t\t\t\t<div class=\"elementor-element elementor-element-57ee100 elementor-widget elementor-widget-counter\" data-id=\"57ee100\" data-element_type=\"widget\" data-widget_type=\"counter.default\">\n\t\t\t\t\t\t\t<div class=\"elementor-counter\">\n\t\t\t<div class=\"elementor-counter-title\">Capacidad para +6000 personas<\/div>\t\t\t<div class=\"elementor-counter-number-wrapper\">\n\t\t\t\t<span class=\"elementor-counter-number-prefix\"><\/span>\n\t\t\t\t<span class=\"elementor-counter-number\" data-duration=\"2000\" data-to-value=\"10000\" data-from-value=\"0\" data-delimiter=\",\">0<\/span>\n\t\t\t\t<span class=\"elementor-counter-number-suffix\"><\/span>\n\t\t\t<\/div>\n\t\t<\/div>\n\t\t\t\t\t\t<\/div>\n\t\t\t\t<\/div>\n\t\t<div class=\"elementor-element elementor-element-ae9c7a8 e-con-full e-flex e-con e-child\" data-id=\"ae9c7a8\" data-element_type=\"container\">\n\t\t\t\t<div class=\"elementor-element elementor-element-3969537 elementor-widget elementor-widget-counter\" data-id=\"3969537\" data-element_type=\"widget\" data-widget_type=\"counter.default\">\n\t\t\t\t\t\t\t<div class=\"elementor-counter\">\n\t\t\t<div class=\"elementor-counter-title\">A\u00f1os de experiencia<\/div>\t\t\t<div class=\"elementor-counter-number-wrapper\">\n\t\t\t\t<span class=\"elementor-counter-number-prefix\"><\/span>\n\t\t\t\t<span class=\"elementor-counter-number\" data-duration=\"2000\" data-to-value=\"15\" data-from-value=\"0\" data-delimiter=\",\">0<\/span>\n\t\t\t\t<span class=\"elementor-counter-number-suffix\"><\/span>\n\t\t\t<\/div>\n\t\t<\/div>\n\t\t\t\t\t\t<\/div>\n\t\t\t\t<\/div>\n\t\t\t\t\t<\/div>\n\t\t\t\t<\/div>\n\t\t<div class=\"elementor-element elementor-element-44bebad e-con-full e-flex e-con e-parent\" data-id=\"44bebad\" data-element_type=\"container\" data-settings=\"{&quot;background_background&quot;:&quot;classic&quot;}\">\n\t\t<div class=\"elementor-element elementor-element-d6c5466 e-con-full e-flex e-con e-child\" data-id=\"d6c5466\" data-element_type=\"container\" data-settings=\"{&quot;background_background&quot;:&quot;classic&quot;,&quot;background_motion_fx_motion_fx_scrolling&quot;:&quot;yes&quot;,&quot;background_motion_fx_translateY_effect&quot;:&quot;yes&quot;,&quot;background_motion_fx_translateY_speed&quot;:{&quot;unit&quot;:&quot;px&quot;,&quot;size&quot;:4,&quot;sizes&quot;:[]},&quot;background_motion_fx_translateY_affectedRange&quot;:{&quot;unit&quot;:&quot;%&quot;,&quot;size&quot;:&quot;&quot;,&quot;sizes&quot;:{&quot;start&quot;:0,&quot;end&quot;:100}},&quot;background_motion_fx_devices&quot;:[&quot;desktop&quot;,&quot;tablet&quot;,&quot;mobile&quot;]}\">\n\t\t\t\t<\/div>\n\t\t<div class=\"elementor-element elementor-element-7beb53d e-con-full e-flex e-con e-child\" data-id=\"7beb53d\" data-element_type=\"container\">\n\t\t<div class=\"elementor-element elementor-element-e6b5989 e-con-full e-flex e-con e-child\" data-id=\"e6b5989\" data-element_type=\"container\" data-settings=\"{&quot;background_background&quot;:&quot;classic&quot;,&quot;position&quot;:&quot;absolute&quot;}\">\n\t\t\t\t<div class=\"elementor-element elementor-element-4527ffb elementor-widget elementor-widget-heading\" data-id=\"4527ffb\" data-element_type=\"widget\" data-widget_type=\"heading.default\">\n\t\t\t\t\t<h2 class=\"elementor-heading-title elementor-size-default\">Misi\u00f3n<\/h2>\t\t\t\t<\/div>\n\t\t\t\t<div class=\"elementor-element elementor-element-34de972 elementor-widget elementor-widget-text-editor\" data-id=\"34de972\" data-element_type=\"widget\" data-widget_type=\"text-editor.default\">\n\t\t\t\t\t\t\t\t\t<p>Generar una verdadera experiencia de servicio creando l\u00edneas de mobiliario exclusivas para eventos. Innovamos tambien nuestra carta de cocktails.<\/p>\t\t\t\t\t\t\t\t<\/div>\n\t\t\t\t<\/div>\n\t\t\t\t<\/div>\n\t\t\t\t<\/div>\n\t\t<div class=\"elementor-element elementor-element-64e2f88 e-con-full e-flex e-con e-parent\" data-id=\"64e2f88\" data-element_type=\"container\" data-settings=\"{&quot;background_background&quot;:&quot;classic&quot;}\">\n\t\t<div class=\"elementor-element elementor-element-45b4f75 e-con-full e-flex e-con e-child\" data-id=\"45b4f75\" data-element_type=\"container\">\n\t\t<div class=\"elementor-element elementor-element-3464a7f e-con-full e-flex e-con e-child\" data-id=\"3464a7f\" data-element_type=\"container\" data-settings=\"{&quot;background_background&quot;:&quot;classic&quot;,&quot;position&quot;:&quot;absolute&quot;}\">\n\t\t\t\t<div class=\"elementor-element elementor-element-589fa25 elementor-widget elementor-widget-heading\" data-id=\"589fa25\" data-element_type=\"widget\" data-widget_type=\"heading.default\">\n\t\t\t\t\t<h2 class=\"elementor-heading-title elementor-size-default\">Vision<\/h2>\t\t\t\t<\/div>\n\t\t\t\t<div class=\"elementor-element elementor-element-3de98ca elementor-widget elementor-widget-text-editor\" data-id=\"3de98ca\" data-element_type=\"widget\" data-widget_type=\"text-editor.default\">\n\t\t\t\t\t\t\t\t\t<p>Ser la empresa l\u00edder en renta de mobiliario exclusivo para eventos sociales y corporativos<br \/>en Guatemala.<\/p>\t\t\t\t\t\t\t\t<\/div>\n\t\t\t\t<\/div>\n\t\t\t\t<\/div>\n\t\t<div class=\"elementor-element elementor-element-8e6605f e-con-full e-flex e-con e-child\" data-id=\"8e6605f\" data-element_type=\"container\" data-settings=\"{&quot;background_background&quot;:&quot;classic&quot;,&quot;background_motion_fx_motion_fx_scrolling&quot;:&quot;yes&quot;,&quot;background_motion_fx_translateY_effect&quot;:&quot;yes&quot;,&quot;background_motion_fx_translateY_speed&quot;:{&quot;unit&quot;:&quot;px&quot;,&quot;size&quot;:4,&quot;sizes&quot;:[]},&quot;background_motion_fx_translateY_affectedRange&quot;:{&quot;unit&quot;:&quot;%&quot;,&quot;size&quot;:&quot;&quot;,&quot;sizes&quot;:{&quot;start&quot;:0,&quot;end&quot;:100}},&quot;background_motion_fx_devices&quot;:[&quot;desktop&quot;,&quot;tablet&quot;,&quot;mobile&quot;]}\">\n\t\t\t\t<\/div>\n\t\t\t\t<\/div>\n\t\t<div class=\"elementor-element elementor-element-1f59480 e-con-full e-flex e-con e-parent\" data-id=\"1f59480\" data-element_type=\"container\" data-settings=\"{&quot;background_background&quot;:&quot;classic&quot;}\">\n\t\t\t\t<div class=\"elementor-element elementor-element-56d0c90 elementor-widget elementor-widget-heading\" data-id=\"56d0c90\" data-element_type=\"widget\" data-widget_type=\"heading.default\">\n\t\t\t\t\t<h2 class=\"elementor-heading-title elementor-size-default\">El equipo que da vida a cada montaje<\/h2>\t\t\t\t<\/div>\n\t\t<div class=\"elementor-element elementor-element-032cd3f e-flex e-con-boxed e-con e-child\" data-id=\"032cd3f\" data-element_type=\"container\">\n\t\t\t\t\t<div class=\"e-con-inner\">\n\t\t\t\t<div class=\"elementor-element elementor-element-f05a901 elementor-widget elementor-widget-image\" data-id=\"f05a901\" data-element_type=\"widget\" data-widget_type=\"image.default\">\n\t\t\t\t\t\t\t\t\t\t\t\t\t\t\t<img decoding=\"async\" width=\"800\" height=\"572\" src=\"https:\/\/relaxedloungeservice.com\/wp-content\/uploads\/2025\/07\/Imagen-de-WhatsApp-2025-07-15-a-las-09.41.00_c6d63b28-1024x732.jpg\" class=\"attachment-large size-large wp-image-452\" alt=\"\" srcset=\"https:\/\/relaxedloungeservice.com\/wp-content\/uploads\/2025\/07\/Imagen-de-WhatsApp-2025-07-15-a-las-09.41.00_c6d63b28-1024x732.jpg.webp 1024w, https:\/\/relaxedloungeservice.com\/wp-content\/uploads\/2025\/07\/Imagen-de-WhatsApp-2025-07-15-a-las-09.41.00_c6d63b28-300x215.jpg.webp 300w, https:\/\/relaxedloungeservice.com\/wp-content\/uploads\/2025\/07\/Imagen-de-WhatsApp-2025-07-15-a-las-09.41.00_c6d63b28-768x549.jpg.webp 768w, https:\/\/relaxedloungeservice.com\/wp-content\/uploads\/2025\/07\/Imagen-de-WhatsApp-2025-07-15-a-las-09.41.00_c6d63b28-1536x1098.jpg.webp 1536w, https:\/\/relaxedloungeservice.com\/wp-content\/uploads\/2025\/07\/Imagen-de-WhatsApp-2025-07-15-a-las-09.41.00_c6d63b28-18x12.jpg.webp 18w, https:\/\/relaxedloungeservice.com\/wp-content\/uploads\/2025\/07\/Imagen-de-WhatsApp-2025-07-15-a-las-09.41.00_c6d63b28.jpg.webp 1600w\" sizes=\"(max-width: 800px) 100vw, 800px\" \/>\t\t\t\t\t\t\t\t\t\t\t\t\t\t\t<\/div>\n\t\t\t\t\t<\/div>\n\t\t\t\t<\/div>\n\t\t\t\t<\/div>\n\t\t<div class=\"elementor-element elementor-element-5bfefc1 e-con-full e-flex e-con e-parent\" data-id=\"5bfefc1\" data-element_type=\"container\" data-settings=\"{&quot;background_background&quot;:&quot;classic&quot;}\">\n\t\t\t\t<div class=\"elementor-element elementor-element-8045a71 elementor-widget elementor-widget-heading\" data-id=\"8045a71\" data-element_type=\"widget\" data-widget_type=\"heading.default\">\n\t\t\t\t\t<h2 class=\"elementor-heading-title elementor-size-default\">Aqu\u00ed empieza el bienestar de nuestra empresa<\/h2>\t\t\t\t<\/div>\n\t\t\t\t<\/div>\n\t\t\t\t<\/div>\n\t\t","protected":false},"excerpt":{"rendered":"<p>Nuestra Esencia Pasado, presente y una visi\u00f3n clara hacia el futuro Somos m\u00e1s que mobiliario: somos dise\u00f1o, servicio y emoci\u00f3n en cada montaje. Un inicio con prop\u00f3sito Nacimos en 2010 con una meta clara: ofrecer mobiliario exclusivo para eventos sociales y corporativos en renta. Comenzamos con una l\u00ednea b\u00e1sica y moderna para 50 personas. Meses [&hellip;]<\/p>\n","protected":false},"author":1,"featured_media":0,"parent":0,"menu_order":0,"comment_status":"closed","ping_status":"closed","template":"","meta":{"inline_featured_image":false,"footnotes":""},"class_list":["post-72","page","type-page","status-publish","hentry"],"_links":{"self":[{"href":"https:\/\/relaxedloungeservice.com\/en\/wp-json\/wp\/v2\/pages\/72","targetHints":{"allow":["GET"]}}],"collection":[{"href":"https:\/\/relaxedloungeservice.com\/en\/wp-json\/wp\/v2\/pages"}],"about":[{"href":"https:\/\/relaxedloungeservice.com\/en\/wp-json\/wp\/v2\/types\/page"}],"author":[{"embeddable":true,"href":"https:\/\/relaxedloungeservice.com\/en\/wp-json\/wp\/v2\/users\/1"}],"replies":[{"embeddable":true,"href":"https:\/\/relaxedloungeservice.com\/en\/wp-json\/wp\/v2\/comments?post=72"}],"version-history":[{"count":61,"href":"https:\/\/relaxedloungeservice.com\/en\/wp-json\/wp\/v2\/pages\/72\/revisions"}],"predecessor-version":[{"id":505,"href":"https:\/\/relaxedloungeservice.com\/en\/wp-json\/wp\/v2\/pages\/72\/revisions\/505"}],"wp:attachment":[{"href":"https:\/\/relaxedloungeservice.com\/en\/wp-json\/wp\/v2\/media?parent=72"}],"curies":[{"name":"wp","href":"https:\/\/api.w.org\/{rel}","templated":true}]}}