{"id":87,"date":"2025-07-03T15:47:04","date_gmt":"2025-07-03T15:47:04","guid":{"rendered":"https:\/\/relaxedloungeservice.com\/?page_id=87"},"modified":"2025-07-16T14:45:44","modified_gmt":"2025-07-16T14:45:44","slug":"nuestros-estilos","status":"publish","type":"page","link":"https:\/\/relaxedloungeservice.com\/en\/nuestros-estilos\/","title":{"rendered":"Our Styles"},"content":{"rendered":"<div data-elementor-type=\"wp-page\" data-elementor-id=\"87\" class=\"elementor elementor-87\" data-elementor-post-type=\"page\">\n\t\t\t\t<div class=\"elementor-element elementor-element-72edcea e-con-full e-flex e-con e-parent\" data-id=\"72edcea\" data-element_type=\"container\" data-settings=\"{&quot;background_background&quot;:&quot;classic&quot;}\">\n\t\t\t\t<div class=\"elementor-element elementor-element-f172f7e elementor-widget elementor-widget-heading\" data-id=\"f172f7e\" data-element_type=\"widget\" data-widget_type=\"heading.default\">\n\t\t\t\t\t<h1 class=\"elementor-heading-title elementor-size-default\">Our Styles<\/h1>\t\t\t\t<\/div>\n\t\t\t\t<div class=\"elementor-element elementor-element-a14b65f elementor-widget elementor-widget-text-editor\" data-id=\"a14b65f\" data-element_type=\"widget\" data-widget_type=\"text-editor.default\">\n\t\t\t\t\t\t\t\t\t<p>Every space has a story. Every style, a personality.<\/p>\t\t\t\t\t\t\t\t<\/div>\n\t\t\t\t<\/div>\n\t\t<div class=\"elementor-element elementor-element-2f9691d e-con-full e-flex e-con e-parent\" data-id=\"2f9691d\" data-element_type=\"container\" data-settings=\"{&quot;background_background&quot;:&quot;classic&quot;}\">\n\t\t\t\t<div class=\"elementor-element elementor-element-c56a185 elementor-widget elementor-widget-heading\" data-id=\"c56a185\" data-element_type=\"widget\" data-widget_type=\"heading.default\">\n\t\t\t\t\t<h2 class=\"elementor-heading-title elementor-size-default\">Inspiring event furniture styles<\/h2>\t\t\t\t<\/div>\n\t\t\t\t<div class=\"elementor-element elementor-element-a42fb37 elementor-widget elementor-widget-text-editor\" data-id=\"a42fb37\" data-element_type=\"widget\" data-widget_type=\"text-editor.default\">\n\t\t\t\t\t\t\t\t\t<p>Every event setting tells a story. Our event furniture styles are designed to convey emotion, create visual impact, and adapt to any type of celebration. Discover which one best represents your vision.<\/p>\t\t\t\t\t\t\t\t<\/div>\n\t\t\t\t<\/div>\n\t\t<div class=\"elementor-element elementor-element-807b172 e-con-full e-flex elementor-invisible e-con e-parent\" data-id=\"807b172\" data-element_type=\"container\" data-settings=\"{&quot;animation&quot;:&quot;fadeInUp&quot;,&quot;background_background&quot;:&quot;classic&quot;}\">\n\t\t\t\t<div class=\"elementor-element elementor-element-bbe39d3 bdt-carousel-style-carousel elementor-widget elementor-widget-prime-slider-tango\" data-id=\"bbe39d3\" data-element_type=\"widget\" data-widget_type=\"prime-slider-tango.default\">\n\t\t\t\t\t\t\t<div class=\"bdt-prime-slider\">\n\t\t<div id=\"bdt-prime-slider-bbe39d3\" class=\"bdt-prime-slider-tango elementor-swiper\" data-settings=\"{&quot;autoplay&quot;:{&quot;delay&quot;:5000},&quot;loop&quot;:true,&quot;speed&quot;:900,&quot;slidesPerView&quot;:1,&quot;slidesPerGroup&quot;:1,&quot;centeredSlides&quot;:true,&quot;effect&quot;:&quot;carousel&quot;,&quot;breakpoints&quot;:{&quot;768&quot;:{&quot;slidesPerView&quot;:3,&quot;spaceBetween&quot;:30,&quot;slidesPerGroup&quot;:1},&quot;1024&quot;:{&quot;slidesPerView&quot;:3,&quot;spaceBetween&quot;:30,&quot;slidesPerGroup&quot;:1}},&quot;navigation&quot;:{&quot;nextEl&quot;:&quot;#bdt-prime-slider-bbe39d3 .bdt-navigation-next&quot;,&quot;prevEl&quot;:&quot;#bdt-prime-slider-bbe39d3 .bdt-navigation-prev&quot;},&quot;pagination&quot;:{&quot;el&quot;:&quot;#bdt-prime-slider-bbe39d3 .swiper-pagination&quot;,&quot;clickable&quot;:&quot;true&quot;},&quot;coverflowEffect&quot;:{&quot;rotate&quot;:0,&quot;stretch&quot;:180,&quot;depth&quot;:100,&quot;modifier&quot;:1,&quot;slideShadows&quot;:true}}\">\n\t\t\t<div class=\"swiper-tango swiper\" role=\"region\" aria-roledescription=\"carousel\" aria-label=\"Tango Slider\" dir=\"ltr\">\n\t\t\t\t<div class=\"swiper-wrapper\">\n\t\t\n            <div class=\"swiper-slide bdt-item\">\n\t\t\t\t<div class=\"bdt-image-wrap\">\n\t\t\t\t\t<img fetchpriority=\"high\" decoding=\"async\" width=\"1747\" height=\"1165\" src=\"https:\/\/relaxedloungeservice.com\/wp-content\/uploads\/2025\/07\/RLS-San-Cayetano-Brenda-M-31.jpg\" class=\"bdt-img\" alt=\"Rustico Urbano\" srcset=\"https:\/\/relaxedloungeservice.com\/wp-content\/uploads\/2025\/07\/RLS-San-Cayetano-Brenda-M-31.jpg 1747w, https:\/\/relaxedloungeservice.com\/wp-content\/uploads\/2025\/07\/RLS-San-Cayetano-Brenda-M-31-300x200.jpg 300w, https:\/\/relaxedloungeservice.com\/wp-content\/uploads\/2025\/07\/RLS-San-Cayetano-Brenda-M-31-1024x683.jpg 1024w, https:\/\/relaxedloungeservice.com\/wp-content\/uploads\/2025\/07\/RLS-San-Cayetano-Brenda-M-31-768x512.jpg 768w, https:\/\/relaxedloungeservice.com\/wp-content\/uploads\/2025\/07\/RLS-San-Cayetano-Brenda-M-31-1536x1024.jpg 1536w, https:\/\/relaxedloungeservice.com\/wp-content\/uploads\/2025\/07\/RLS-San-Cayetano-Brenda-M-31-18x12.jpg 18w\" sizes=\"(max-width: 1747px) 100vw, 1747px\" \/>\t\t\t\t<\/div>\n\t\t\t\t<div class=\"bdt-content-wrap\">\n\n\t\t\t\t\n\t\t\t\t\t\t\t\t\t\t\t<h2 class=\"bdt-title\" data-reveal=\"reveal-active\">\n\t\t\t\t\t\t\t\t\t\t\t\t\t\t\t<span class=\"frist-word\">Rustico<\/span> Urbano\t\t\t\t\t\t\t\t\t\t\t\t\t\t<\/h2>\n\t\t\t\t\t\t\t\t\t<\/div>\n\t\t\t\t\t\t\t<\/div>\n\n        \n            <div class=\"swiper-slide bdt-item\">\n\t\t\t\t<div class=\"bdt-image-wrap\">\n\t\t\t\t\t<img decoding=\"async\" width=\"1791\" height=\"1194\" src=\"https:\/\/relaxedloungeservice.com\/wp-content\/uploads\/2025\/07\/RLS-Avia-36.jpg\" class=\"bdt-img\" alt=\"Urbano Esencial\" srcset=\"https:\/\/relaxedloungeservice.com\/wp-content\/uploads\/2025\/07\/RLS-Avia-36.jpg 1791w, https:\/\/relaxedloungeservice.com\/wp-content\/uploads\/2025\/07\/RLS-Avia-36-300x200.jpg 300w, https:\/\/relaxedloungeservice.com\/wp-content\/uploads\/2025\/07\/RLS-Avia-36-1024x683.jpg 1024w, https:\/\/relaxedloungeservice.com\/wp-content\/uploads\/2025\/07\/RLS-Avia-36-768x512.jpg 768w, https:\/\/relaxedloungeservice.com\/wp-content\/uploads\/2025\/07\/RLS-Avia-36-1536x1024.jpg 1536w, https:\/\/relaxedloungeservice.com\/wp-content\/uploads\/2025\/07\/RLS-Avia-36-18x12.jpg 18w\" sizes=\"(max-width: 1791px) 100vw, 1791px\" \/>\t\t\t\t<\/div>\n\t\t\t\t<div class=\"bdt-content-wrap\">\n\n\t\t\t\t\n\t\t\t\t\t\t\t\t\t\t\t<h2 class=\"bdt-title\" data-reveal=\"reveal-active\">\n\t\t\t\t\t\t\t\t\t\t\t\t\t\t\t<span class=\"frist-word\">Urbano<\/span> Esencial\t\t\t\t\t\t\t\t\t\t\t\t\t\t<\/h2>\n\t\t\t\t\t\t\t\t\t<\/div>\n\t\t\t\t\t\t\t<\/div>\n\n        \n            <div class=\"swiper-slide bdt-item\">\n\t\t\t\t<div class=\"bdt-image-wrap\">\n\t\t\t\t\t<img decoding=\"async\" width=\"1679\" height=\"1119\" src=\"https:\/\/relaxedloungeservice.com\/wp-content\/uploads\/2025\/07\/RLS-Congreso-OEA-32.jpg\" class=\"bdt-img\" alt=\"Formal Vanguard\" srcset=\"https:\/\/relaxedloungeservice.com\/wp-content\/uploads\/2025\/07\/RLS-Congreso-OEA-32.jpg 1679w, https:\/\/relaxedloungeservice.com\/wp-content\/uploads\/2025\/07\/RLS-Congreso-OEA-32-300x200.jpg 300w, https:\/\/relaxedloungeservice.com\/wp-content\/uploads\/2025\/07\/RLS-Congreso-OEA-32-1024x682.jpg 1024w, https:\/\/relaxedloungeservice.com\/wp-content\/uploads\/2025\/07\/RLS-Congreso-OEA-32-768x512.jpg 768w, https:\/\/relaxedloungeservice.com\/wp-content\/uploads\/2025\/07\/RLS-Congreso-OEA-32-1536x1024.jpg 1536w, https:\/\/relaxedloungeservice.com\/wp-content\/uploads\/2025\/07\/RLS-Congreso-OEA-32-18x12.jpg 18w\" sizes=\"(max-width: 1679px) 100vw, 1679px\" \/>\t\t\t\t<\/div>\n\t\t\t\t<div class=\"bdt-content-wrap\">\n\n\t\t\t\t\n\t\t\t\t\t\t\t\t\t\t\t<h2 class=\"bdt-title\" data-reveal=\"reveal-active\">\n\t\t\t\t\t\t\t\t\t\t\t\t\t\t\t<span class=\"frist-word\">Formal<\/span> Vanguard\t\t\t\t\t\t\t\t\t\t\t\t\t\t<\/h2>\n\t\t\t\t\t\t\t\t\t<\/div>\n\t\t\t\t\t\t\t<\/div>\n\n        \n            <div class=\"swiper-slide bdt-item\">\n\t\t\t\t<div class=\"bdt-image-wrap\">\n\t\t\t\t\t<img loading=\"lazy\" decoding=\"async\" width=\"1200\" height=\"1800\" src=\"https:\/\/relaxedloungeservice.com\/wp-content\/uploads\/2025\/07\/RLS-Graduacion-191.jpg\" class=\"bdt-img\" alt=\"Tropical Contempor\u00e1neo\" srcset=\"https:\/\/relaxedloungeservice.com\/wp-content\/uploads\/2025\/07\/RLS-Graduacion-191.jpg 1200w, https:\/\/relaxedloungeservice.com\/wp-content\/uploads\/2025\/07\/RLS-Graduacion-191-200x300.jpg 200w, https:\/\/relaxedloungeservice.com\/wp-content\/uploads\/2025\/07\/RLS-Graduacion-191-683x1024.jpg 683w, https:\/\/relaxedloungeservice.com\/wp-content\/uploads\/2025\/07\/RLS-Graduacion-191-768x1152.jpg 768w, https:\/\/relaxedloungeservice.com\/wp-content\/uploads\/2025\/07\/RLS-Graduacion-191-1024x1536.jpg 1024w, https:\/\/relaxedloungeservice.com\/wp-content\/uploads\/2025\/07\/RLS-Graduacion-191-8x12.jpg 8w\" sizes=\"(max-width: 1200px) 100vw, 1200px\" \/>\t\t\t\t<\/div>\n\t\t\t\t<div class=\"bdt-content-wrap\">\n\n\t\t\t\t\n\t\t\t\t\t\t\t\t\t\t\t<h2 class=\"bdt-title\" data-reveal=\"reveal-active\">\n\t\t\t\t\t\t\t\t\t\t\t\t\t\t\t<span class=\"frist-word\">Tropical<\/span> Contempor\u00e1neo\t\t\t\t\t\t\t\t\t\t\t\t\t\t<\/h2>\n\t\t\t\t\t\t\t\t\t<\/div>\n\t\t\t\t\t\t\t<\/div>\n\n        \n            <div class=\"swiper-slide bdt-item\">\n\t\t\t\t<div class=\"bdt-image-wrap\">\n\t\t\t\t\t<img loading=\"lazy\" decoding=\"async\" width=\"1600\" height=\"1067\" src=\"https:\/\/relaxedloungeservice.com\/wp-content\/uploads\/2025\/07\/1RLS-Pensativo-Marzo-2025-15.jpg\" class=\"bdt-img\" alt=\"Destino So\u00f1ado\" srcset=\"https:\/\/relaxedloungeservice.com\/wp-content\/uploads\/2025\/07\/1RLS-Pensativo-Marzo-2025-15.jpg 1600w, https:\/\/relaxedloungeservice.com\/wp-content\/uploads\/2025\/07\/1RLS-Pensativo-Marzo-2025-15-300x200.jpg 300w, https:\/\/relaxedloungeservice.com\/wp-content\/uploads\/2025\/07\/1RLS-Pensativo-Marzo-2025-15-1024x683.jpg 1024w, https:\/\/relaxedloungeservice.com\/wp-content\/uploads\/2025\/07\/1RLS-Pensativo-Marzo-2025-15-768x512.jpg 768w, https:\/\/relaxedloungeservice.com\/wp-content\/uploads\/2025\/07\/1RLS-Pensativo-Marzo-2025-15-1536x1024.jpg 1536w\" sizes=\"(max-width: 1600px) 100vw, 1600px\" \/>\t\t\t\t<\/div>\n\t\t\t\t<div class=\"bdt-content-wrap\">\n\n\t\t\t\t\n\t\t\t\t\t\t\t\t\t\t\t<h2 class=\"bdt-title\" data-reveal=\"reveal-active\">\n\t\t\t\t\t\t\t\t\t\t\t\t\t\t\t<span class=\"frist-word\">Destino<\/span> So\u00f1ado\t\t\t\t\t\t\t\t\t\t\t\t\t\t<\/h2>\n\t\t\t\t\t\t\t\t\t<\/div>\n\t\t\t\t\t\t\t<\/div>\n\n        \n            <div class=\"swiper-slide bdt-item\">\n\t\t\t\t<div class=\"bdt-image-wrap\">\n\t\t\t\t\t<img loading=\"lazy\" decoding=\"async\" width=\"1800\" height=\"1200\" src=\"https:\/\/relaxedloungeservice.com\/wp-content\/uploads\/2025\/07\/RLS-Casa-Santo-Domingo-15.jpg\" class=\"bdt-img\" alt=\"Glam Luxe\" srcset=\"https:\/\/relaxedloungeservice.com\/wp-content\/uploads\/2025\/07\/RLS-Casa-Santo-Domingo-15.jpg 1800w, https:\/\/relaxedloungeservice.com\/wp-content\/uploads\/2025\/07\/RLS-Casa-Santo-Domingo-15-300x200.jpg 300w, https:\/\/relaxedloungeservice.com\/wp-content\/uploads\/2025\/07\/RLS-Casa-Santo-Domingo-15-1024x683.jpg 1024w, https:\/\/relaxedloungeservice.com\/wp-content\/uploads\/2025\/07\/RLS-Casa-Santo-Domingo-15-768x512.jpg 768w, https:\/\/relaxedloungeservice.com\/wp-content\/uploads\/2025\/07\/RLS-Casa-Santo-Domingo-15-1536x1024.jpg 1536w, https:\/\/relaxedloungeservice.com\/wp-content\/uploads\/2025\/07\/RLS-Casa-Santo-Domingo-15-18x12.jpg 18w\" sizes=\"(max-width: 1800px) 100vw, 1800px\" \/>\t\t\t\t<\/div>\n\t\t\t\t<div class=\"bdt-content-wrap\">\n\n\t\t\t\t\n\t\t\t\t\t\t\t\t\t\t\t<h2 class=\"bdt-title\" data-reveal=\"reveal-active\">\n\t\t\t\t\t\t\t\t\t\t\t\t\t\t\t<span class=\"frist-word\">Glam<\/span> Luxe\t\t\t\t\t\t\t\t\t\t\t\t\t\t<\/h2>\n\t\t\t\t\t\t\t\t\t<\/div>\n\t\t\t\t\t\t\t<\/div>\n\n        \n            <div class=\"swiper-slide bdt-item\">\n\t\t\t\t<div class=\"bdt-image-wrap\">\n\t\t\t\t\t<img loading=\"lazy\" decoding=\"async\" width=\"1800\" height=\"1200\" src=\"https:\/\/relaxedloungeservice.com\/wp-content\/uploads\/2025\/07\/RLS-Cumple-6-Adrian-2.jpg\" class=\"bdt-img\" alt=\"Mundos Peque\u00f1os\" srcset=\"https:\/\/relaxedloungeservice.com\/wp-content\/uploads\/2025\/07\/RLS-Cumple-6-Adrian-2.jpg 1800w, https:\/\/relaxedloungeservice.com\/wp-content\/uploads\/2025\/07\/RLS-Cumple-6-Adrian-2-300x200.jpg 300w, https:\/\/relaxedloungeservice.com\/wp-content\/uploads\/2025\/07\/RLS-Cumple-6-Adrian-2-1024x683.jpg 1024w, https:\/\/relaxedloungeservice.com\/wp-content\/uploads\/2025\/07\/RLS-Cumple-6-Adrian-2-768x512.jpg 768w, https:\/\/relaxedloungeservice.com\/wp-content\/uploads\/2025\/07\/RLS-Cumple-6-Adrian-2-1536x1024.jpg 1536w, https:\/\/relaxedloungeservice.com\/wp-content\/uploads\/2025\/07\/RLS-Cumple-6-Adrian-2-18x12.jpg 18w\" sizes=\"(max-width: 1800px) 100vw, 1800px\" \/>\t\t\t\t<\/div>\n\t\t\t\t<div class=\"bdt-content-wrap\">\n\n\t\t\t\t\n\t\t\t\t\t\t\t\t\t\t\t<h2 class=\"bdt-title\" data-reveal=\"reveal-active\">\n\t\t\t\t\t\t\t\t\t\t\t\t\t\t\t<span class=\"frist-word\">Mundos<\/span> Peque\u00f1os\t\t\t\t\t\t\t\t\t\t\t\t\t\t<\/h2>\n\t\t\t\t\t\t\t\t\t<\/div>\n\t\t\t\t\t\t\t<\/div>\n\n        \t\t\t\t<\/div>\n\t\t\t<\/div>\n\t\t\t\n\t\t\t\t\t\t\t\t\t\t\t\n\t\t\t\t\t\t<div class=\"bdt-arrows-center bdt-navigation-arrows bdt-position-z-index reveal-muted\">\n\t\t\t\t<div class=\"bdt-navigation-prev bdt-slidenav\"><i class=\"ps-wi-arrow-left-5\"><\/i><\/div>\n\t\t\t\t<div class=\"bdt-navigation-next bdt-slidenav\"><i class=\"ps-wi-arrow-right-5\"><\/i><\/div>\n\t\t\t<\/div>\n\t\t\t\n\t\t\t\t<\/div>\n\t\t<\/div>\n\n\t\t\t\t\t\t<\/div>\n\t\t\t\t<\/div>\n\t\t<div class=\"elementor-element elementor-element-82ac480 e-con-full e-flex e-con e-parent\" data-id=\"82ac480\" data-element_type=\"container\" data-settings=\"{&quot;background_background&quot;:&quot;classic&quot;}\">\n\t\t\t\t<div class=\"elementor-element elementor-element-a7b320b elementor-widget elementor-widget-heading\" data-id=\"a7b320b\" data-element_type=\"widget\" data-widget_type=\"heading.default\">\n\t\t\t\t\t<h2 class=\"elementor-heading-title elementor-size-default\">Discover our entire universe in one place<\/h2>\t\t\t\t<\/div>\n\t\t\t\t<div class=\"elementor-element elementor-element-dc9ad3d elementor-mobile-align-center elementor-widget elementor-widget-button\" data-id=\"dc9ad3d\" data-element_type=\"widget\" data-widget_type=\"button.default\">\n\t\t\t\t\t\t\t\t\t\t<a class=\"elementor-button elementor-button-link elementor-size-sm\" href=\"https:\/\/relaxedloungeservice.com\/wp-content\/uploads\/2025\/07\/Catalogo-de-Servicios-julio-2025.pdf\">\n\t\t\t\t\t\t<span class=\"elementor-button-content-wrapper\">\n\t\t\t\t\t\t<span class=\"elementor-button-icon\">\n\t\t\t\t<svg aria-hidden=\"true\" class=\"e-font-icon-svg e-fas-download\" viewbox=\"0 0 512 512\" xmlns=\"http:\/\/www.w3.org\/2000\/svg\"><path d=\"M216 0h80c13.3 0 24 10.7 24 24v168h87.7c17.8 0 26.7 21.5 14.1 34.1L269.7 378.3c-7.5 7.5-19.8 7.5-27.3 0L90.1 226.1c-12.6-12.6-3.7-34.1 14.1-34.1H192V24c0-13.3 10.7-24 24-24zm296 376v112c0 13.3-10.7 24-24 24H24c-13.3 0-24-10.7-24-24V376c0-13.3 10.7-24 24-24h146.7l49 49c20.1 20.1 52.5 20.1 72.6 0l49-49H488c13.3 0 24 10.7 24 24zm-124 88c0-11-9-20-20-20s-20 9-20 20 9 20 20 20 20-9 20-20zm64 0c0-11-9-20-20-20s-20 9-20 20 9 20 20 20 20-9 20-20z\"><\/path><\/svg>\t\t\t<\/span>\n\t\t\t\t\t\t\t\t\t<span class=\"elementor-button-text\">Download complete catalog<\/span>\n\t\t\t\t\t<\/span>\n\t\t\t\t\t<\/a>\n\t\t\t\t\t\t\t\t<\/div>\n\t\t\t\t<\/div>\n\t\t<div class=\"elementor-element elementor-element-c962451 e-con-full e-flex e-con e-parent\" data-id=\"c962451\" data-element_type=\"container\" data-settings=\"{&quot;background_background&quot;:&quot;classic&quot;}\">\n\t\t\t\t<div class=\"elementor-element elementor-element-d3846b0 elementor-widget elementor-widget-heading\" data-id=\"d3846b0\" data-element_type=\"widget\" data-widget_type=\"heading.default\">\n\t\t\t\t\t<h2 class=\"elementor-heading-title elementor-size-default\">We don't design furniture. We design moments.<\/h2>\t\t\t\t<\/div>\n\t\t\t\t<\/div>\n\t\t\t\t<\/div>","protected":false},"excerpt":{"rendered":"<p>Nuestros Estilos Cada espacio tiene una historia. Cada estilo, una personalidad Estilos de mobiliario para eventos que inspiran Cada montaje cuenta una historia. Nuestros estilos de mobiliario para eventos est\u00e1n dise\u00f1ados para transmitir emociones, crear impacto visual y adaptarse a cualquier tipo de celebraci\u00f3n. Descubr\u00ed cu\u00e1l representa mejor tu visi\u00f3n Rustico Urbano Urbano Esencial Formal [&hellip;]<\/p>\n","protected":false},"author":1,"featured_media":0,"parent":0,"menu_order":0,"comment_status":"closed","ping_status":"closed","template":"","meta":{"inline_featured_image":false,"footnotes":""},"class_list":["post-87","page","type-page","status-publish","hentry"],"_links":{"self":[{"href":"https:\/\/relaxedloungeservice.com\/en\/wp-json\/wp\/v2\/pages\/87","targetHints":{"allow":["GET"]}}],"collection":[{"href":"https:\/\/relaxedloungeservice.com\/en\/wp-json\/wp\/v2\/pages"}],"about":[{"href":"https:\/\/relaxedloungeservice.com\/en\/wp-json\/wp\/v2\/types\/page"}],"author":[{"embeddable":true,"href":"https:\/\/relaxedloungeservice.com\/en\/wp-json\/wp\/v2\/users\/1"}],"replies":[{"embeddable":true,"href":"https:\/\/relaxedloungeservice.com\/en\/wp-json\/wp\/v2\/comments?post=87"}],"version-history":[{"count":22,"href":"https:\/\/relaxedloungeservice.com\/en\/wp-json\/wp\/v2\/pages\/87\/revisions"}],"predecessor-version":[{"id":430,"href":"https:\/\/relaxedloungeservice.com\/en\/wp-json\/wp\/v2\/pages\/87\/revisions\/430"}],"wp:attachment":[{"href":"https:\/\/relaxedloungeservice.com\/en\/wp-json\/wp\/v2\/media?parent=87"}],"curies":[{"name":"wp","href":"https:\/\/api.w.org\/{rel}","templated":true}]}}