{"id":96,"date":"2025-07-03T17:07:54","date_gmt":"2025-07-03T17:07:54","guid":{"rendered":"https:\/\/relaxedloungeservice.com\/?page_id=96"},"modified":"2025-07-31T18:14:30","modified_gmt":"2025-07-31T18:14:30","slug":"momentos-que-marcan","status":"publish","type":"page","link":"https:\/\/relaxedloungeservice.com\/en\/momentos-que-marcan\/","title":{"rendered":"Moments that Make an Impact"},"content":{"rendered":"<div data-elementor-type=\"wp-page\" data-elementor-id=\"96\" class=\"elementor elementor-96\" data-elementor-post-type=\"page\">\n\t\t\t\t<div class=\"elementor-element elementor-element-24bc93b e-con-full e-flex e-con e-parent\" data-id=\"24bc93b\" data-element_type=\"container\" data-settings=\"{&quot;background_background&quot;:&quot;video&quot;,&quot;background_video_link&quot;:&quot;https:\\\/\\\/youtu.be\\\/5X-m3PTBzvY&quot;,&quot;background_video_end&quot;:60,&quot;background_play_on_mobile&quot;:&quot;yes&quot;}\">\n\t\t<div class=\"elementor-background-video-container\">\n\t\t\t\t\t\t\t<div class=\"elementor-background-video-embed\"><\/div>\n\t\t\t\t\t\t<\/div>\t\t<div class=\"elementor-element elementor-element-4fb152c elementor-widget elementor-widget-heading\" data-id=\"4fb152c\" data-element_type=\"widget\" data-widget_type=\"heading.default\">\n\t\t\t\t\t<h2 class=\"elementor-heading-title elementor-size-default\">Moments that Make an Impact<\/h2>\t\t\t\t<\/div>\n\t\t\t\t<div class=\"elementor-element elementor-element-5ba03b4 elementor-widget elementor-widget-text-editor\" data-id=\"5ba03b4\" data-element_type=\"widget\" data-widget_type=\"text-editor.default\">\n\t\t\t\t\t\t\t\t\t<p>Each event is a visual story that leaves a mark<\/p>\t\t\t\t\t\t\t\t<\/div>\n\t\t\t\t<\/div>\n\t\t<div class=\"elementor-element elementor-element-3e96187 e-con-full e-flex e-con e-parent\" data-id=\"3e96187\" data-element_type=\"container\" data-settings=\"{&quot;background_background&quot;:&quot;classic&quot;}\">\n\t\t\t\t<div class=\"elementor-element elementor-element-f2af4db elementor-widget elementor-widget-heading\" data-id=\"f2af4db\" data-element_type=\"widget\" data-widget_type=\"heading.default\">\n\t\t\t\t\t<h2 class=\"elementor-heading-title elementor-size-default\">Events Gallery<\/h2>\t\t\t\t<\/div>\n\t\t\t\t<div class=\"elementor-element elementor-element-98f3b0e elementor-widget elementor-widget-text-editor\" data-id=\"98f3b0e\" data-element_type=\"widget\" data-widget_type=\"text-editor.default\">\n\t\t\t\t\t\t\t\t\t<p>Welcome to our selection of life-changing moments. Each photograph captures the soul of events that became memorable experiences. Get inspired for your next event with our real-life settings.<\/p>\t\t\t\t\t\t\t\t<\/div>\n\t\t\t\t<\/div>\n\t\t<div class=\"elementor-element elementor-element-6f74b9c e-con-full e-flex e-con e-parent\" data-id=\"6f74b9c\" data-element_type=\"container\">\n\t\t<div class=\"elementor-element elementor-element-7224853 e-con-full e-flex e-con e-child\" data-id=\"7224853\" data-element_type=\"container\">\n\t\t\t\t<div class=\"elementor-element elementor-element-7467f98 elementor-invisible elementor-widget elementor-widget-image\" data-id=\"7467f98\" data-element_type=\"widget\" data-settings=\"{&quot;_animation&quot;:&quot;fadeInUp&quot;}\" data-widget_type=\"image.default\">\n\t\t\t\t\t\t\t\t\t\t\t\t\t\t\t\t<a href=\"https:\/\/relaxedloungeservice.com\/wp-content\/uploads\/2025\/07\/RLS-Capuchinas-Arisa-12.jpg\" data-elementor-open-lightbox=\"yes\" data-elementor-lightbox-title=\"RLS-Capuchinas-Arisa-12\" data-e-action-hash=\"#elementor-action%3Aaction%3Dlightbox%26settings%3DeyJpZCI6MzI0LCJ1cmwiOiJodHRwczpcL1wvcmVsYXhlZGxvdW5nZXNlcnZpY2UuY29tXC93cC1jb250ZW50XC91cGxvYWRzXC8yMDI1XC8wN1wvUkxTLUNhcHVjaGluYXMtQXJpc2EtMTIuanBnIn0%3D\">\n\t\t\t\t\t\t\t<img fetchpriority=\"high\" decoding=\"async\" width=\"800\" height=\"534\" src=\"https:\/\/relaxedloungeservice.com\/wp-content\/uploads\/2025\/07\/RLS-Capuchinas-Arisa-12-1024x683.jpg\" class=\"elementor-animation-grow attachment-large size-large wp-image-324\" alt=\"\" srcset=\"https:\/\/relaxedloungeservice.com\/wp-content\/uploads\/2025\/07\/RLS-Capuchinas-Arisa-12-1024x683.jpg 1024w, https:\/\/relaxedloungeservice.com\/wp-content\/uploads\/2025\/07\/RLS-Capuchinas-Arisa-12-300x200.jpg 300w, https:\/\/relaxedloungeservice.com\/wp-content\/uploads\/2025\/07\/RLS-Capuchinas-Arisa-12-768x512.jpg 768w, https:\/\/relaxedloungeservice.com\/wp-content\/uploads\/2025\/07\/RLS-Capuchinas-Arisa-12-1536x1024.jpg 1536w, https:\/\/relaxedloungeservice.com\/wp-content\/uploads\/2025\/07\/RLS-Capuchinas-Arisa-12-18x12.jpg 18w, https:\/\/relaxedloungeservice.com\/wp-content\/uploads\/2025\/07\/RLS-Capuchinas-Arisa-12.jpg 1800w\" sizes=\"(max-width: 800px) 100vw, 800px\" \/>\t\t\t\t\t\t\t\t<\/a>\n\t\t\t\t\t\t\t\t\t\t\t\t\t\t\t<\/div>\n\t\t\t\t<\/div>\n\t\t<div class=\"elementor-element elementor-element-b7c958d e-con-full e-flex e-con e-child\" data-id=\"b7c958d\" data-element_type=\"container\">\n\t\t\t\t<div class=\"elementor-element elementor-element-240defd elementor-invisible elementor-widget elementor-widget-image\" data-id=\"240defd\" data-element_type=\"widget\" data-settings=\"{&quot;_animation&quot;:&quot;fadeInUp&quot;}\" data-widget_type=\"image.default\">\n\t\t\t\t\t\t\t\t\t\t\t\t\t\t\t\t<a href=\"https:\/\/relaxedloungeservice.com\/wp-content\/uploads\/2025\/07\/RLS-El-Pulte-Golf-La-Folie-32.jpg\" data-elementor-open-lightbox=\"yes\" data-elementor-lightbox-title=\"RLS-El-Pulte-Golf-La-Folie-32\" data-e-action-hash=\"#elementor-action%3Aaction%3Dlightbox%26settings%3DeyJpZCI6MzM1LCJ1cmwiOiJodHRwczpcL1wvcmVsYXhlZGxvdW5nZXNlcnZpY2UuY29tXC93cC1jb250ZW50XC91cGxvYWRzXC8yMDI1XC8wN1wvUkxTLUVsLVB1bHRlLUdvbGYtTGEtRm9saWUtMzIuanBnIn0%3D\">\n\t\t\t\t\t\t\t<img decoding=\"async\" width=\"800\" height=\"534\" src=\"https:\/\/relaxedloungeservice.com\/wp-content\/uploads\/2025\/07\/RLS-El-Pulte-Golf-La-Folie-32-1024x683.jpg\" class=\"elementor-animation-grow attachment-large size-large wp-image-335\" alt=\"\" srcset=\"https:\/\/relaxedloungeservice.com\/wp-content\/uploads\/2025\/07\/RLS-El-Pulte-Golf-La-Folie-32-1024x683.jpg 1024w, https:\/\/relaxedloungeservice.com\/wp-content\/uploads\/2025\/07\/RLS-El-Pulte-Golf-La-Folie-32-300x200.jpg 300w, https:\/\/relaxedloungeservice.com\/wp-content\/uploads\/2025\/07\/RLS-El-Pulte-Golf-La-Folie-32-768x512.jpg 768w, https:\/\/relaxedloungeservice.com\/wp-content\/uploads\/2025\/07\/RLS-El-Pulte-Golf-La-Folie-32-1536x1025.jpg 1536w, https:\/\/relaxedloungeservice.com\/wp-content\/uploads\/2025\/07\/RLS-El-Pulte-Golf-La-Folie-32-18x12.jpg 18w, https:\/\/relaxedloungeservice.com\/wp-content\/uploads\/2025\/07\/RLS-El-Pulte-Golf-La-Folie-32.jpg 1799w\" sizes=\"(max-width: 800px) 100vw, 800px\" \/>\t\t\t\t\t\t\t\t<\/a>\n\t\t\t\t\t\t\t\t\t\t\t\t\t\t\t<\/div>\n\t\t\t\t<\/div>\n\t\t<div class=\"elementor-element elementor-element-90bcfb9 e-con-full e-flex e-con e-child\" data-id=\"90bcfb9\" data-element_type=\"container\">\n\t\t\t\t<div class=\"elementor-element elementor-element-e768081 elementor-invisible elementor-widget elementor-widget-image\" data-id=\"e768081\" data-element_type=\"widget\" data-settings=\"{&quot;_animation&quot;:&quot;fadeInUp&quot;}\" data-widget_type=\"image.default\">\n\t\t\t\t\t\t\t\t\t\t\t\t\t\t\t\t<a href=\"https:\/\/relaxedloungeservice.com\/wp-content\/uploads\/2025\/07\/RLS-Capuchinas-I-Do-Marzo-2025-16.jpg\" data-elementor-open-lightbox=\"yes\" data-elementor-lightbox-title=\"RLS---Capuchinas---I-Do---Marzo-2025-16\" data-e-action-hash=\"#elementor-action%3Aaction%3Dlightbox%26settings%3DeyJpZCI6MzM2LCJ1cmwiOiJodHRwczpcL1wvcmVsYXhlZGxvdW5nZXNlcnZpY2UuY29tXC93cC1jb250ZW50XC91cGxvYWRzXC8yMDI1XC8wN1wvUkxTLUNhcHVjaGluYXMtSS1Eby1NYXJ6by0yMDI1LTE2LmpwZyJ9\">\n\t\t\t\t\t\t\t<img decoding=\"async\" width=\"800\" height=\"533\" src=\"https:\/\/relaxedloungeservice.com\/wp-content\/uploads\/2025\/07\/RLS-Capuchinas-I-Do-Marzo-2025-16-1024x682.jpg\" class=\"elementor-animation-grow attachment-large size-large wp-image-336\" alt=\"\" srcset=\"https:\/\/relaxedloungeservice.com\/wp-content\/uploads\/2025\/07\/RLS-Capuchinas-I-Do-Marzo-2025-16-1024x682.jpg 1024w, https:\/\/relaxedloungeservice.com\/wp-content\/uploads\/2025\/07\/RLS-Capuchinas-I-Do-Marzo-2025-16-300x200.jpg 300w, https:\/\/relaxedloungeservice.com\/wp-content\/uploads\/2025\/07\/RLS-Capuchinas-I-Do-Marzo-2025-16-768x512.jpg 768w, https:\/\/relaxedloungeservice.com\/wp-content\/uploads\/2025\/07\/RLS-Capuchinas-I-Do-Marzo-2025-16-1536x1024.jpg 1536w, https:\/\/relaxedloungeservice.com\/wp-content\/uploads\/2025\/07\/RLS-Capuchinas-I-Do-Marzo-2025-16-18x12.jpg 18w, https:\/\/relaxedloungeservice.com\/wp-content\/uploads\/2025\/07\/RLS-Capuchinas-I-Do-Marzo-2025-16.jpg 1787w\" sizes=\"(max-width: 800px) 100vw, 800px\" \/>\t\t\t\t\t\t\t\t<\/a>\n\t\t\t\t\t\t\t\t\t\t\t\t\t\t\t<\/div>\n\t\t\t\t<\/div>\n\t\t\t\t<\/div>\n\t\t<div class=\"elementor-element elementor-element-1bdae18 blur-fondo e-flex e-con-boxed e-con e-parent\" data-id=\"1bdae18\" data-element_type=\"container\" data-settings=\"{&quot;background_background&quot;:&quot;classic&quot;}\">\n\t\t\t\t\t<div class=\"e-con-inner\">\n\t\t\t\t<div class=\"elementor-element elementor-element-7432db4 elementor--h-position-center elementor--v-position-middle elementor-arrows-position-inside elementor-pagination-position-inside elementor-widget elementor-widget-slides\" data-id=\"7432db4\" data-element_type=\"widget\" data-settings=\"{&quot;autoplay_speed&quot;:4000,&quot;transition&quot;:&quot;fade&quot;,&quot;navigation&quot;:&quot;both&quot;,&quot;autoplay&quot;:&quot;yes&quot;,&quot;pause_on_hover&quot;:&quot;yes&quot;,&quot;pause_on_interaction&quot;:&quot;yes&quot;,&quot;infinite&quot;:&quot;yes&quot;,&quot;transition_speed&quot;:500}\" data-widget_type=\"slides.default\">\n\t\t\t\t\t\t\t\t\t\t<div class=\"elementor-slides-wrapper elementor-main-swiper swiper\" role=\"region\" aria-roledescription=\"carousel\" aria-label=\"Slides\" dir=\"ltr\" data-animation=\"fadeInUp\">\n\t\t\t\t<div class=\"swiper-wrapper elementor-slides\">\n\t\t\t\t\t\t\t\t\t\t<div class=\"elementor-repeater-item-8c355d3 swiper-slide\" role=\"group\" aria-roledescription=\"slide\"><div class=\"swiper-slide-bg\" role=\"img\"><\/div><div class=\"elementor-background-overlay\"><\/div><a class=\"swiper-slide-inner\" href=\"https:\/\/relaxedloungeservice.com\/en\/nuestros-estilos\/\"><div class=\"swiper-slide-contents\"><div class=\"elementor-slide-heading\">Dise\u00f1amos atm\u00f3sferas, no espacios<\/div><div  class=\"elementor-button elementor-slide-button elementor-size-sm\">Conoc\u00e9 m\u00e1s<\/div><\/div><\/a><\/div><div class=\"elementor-repeater-item-fe25e00 swiper-slide\" role=\"group\" aria-roledescription=\"slide\"><div class=\"swiper-slide-bg\" role=\"img\"><\/div><a class=\"swiper-slide-inner\" href=\"https:\/\/relaxedloungeservice.com\/en\/nuestros-estilos\/\"><div class=\"swiper-slide-contents\"><div class=\"elementor-slide-heading\">Cada montaje es una experiencia que perdura<\/div><div  class=\"elementor-button elementor-slide-button elementor-size-sm\">Conoc\u00e9 m\u00f1as<\/div><\/div><\/a><\/div><div class=\"elementor-repeater-item-de0a375 swiper-slide\" role=\"group\" aria-roledescription=\"slide\"><div class=\"swiper-slide-bg\" role=\"img\"><\/div><a class=\"swiper-slide-inner\" href=\"https:\/\/relaxedloungeservice.com\/en\/nuestros-estilos\/\"><div class=\"swiper-slide-contents\"><div class=\"elementor-slide-heading\">Transformamos lo ordinario en inolvidable<\/div><div  class=\"elementor-button elementor-slide-button elementor-size-sm\">Ver m\u00e1s<\/div><\/div><\/a><\/div>\t\t\t\t<\/div>\n\t\t\t\t\t\t\t\t\t\t\t\t\t\t\t<div class=\"elementor-swiper-button elementor-swiper-button-prev\" role=\"button\" tabindex=\"0\" aria-label=\"Previous slide\" data-no-translation-aria-label=\"\">\n\t\t\t\t\t\t\t<svg aria-hidden=\"true\" class=\"e-font-icon-svg e-eicon-chevron-left\" viewbox=\"0 0 1000 1000\" xmlns=\"http:\/\/www.w3.org\/2000\/svg\"><path d=\"M646 125C629 125 613 133 604 142L308 442C296 454 292 471 292 487 292 504 296 521 308 533L604 854C617 867 629 875 646 875 663 875 679 871 692 858 704 846 713 829 713 812 713 796 708 779 692 767L438 487 692 225C700 217 708 204 708 187 708 171 704 154 692 142 675 129 663 125 646 125Z\"><\/path><\/svg>\t\t\t\t\t\t<\/div>\n\t\t\t\t\t\t<div class=\"elementor-swiper-button elementor-swiper-button-next\" role=\"button\" tabindex=\"0\" aria-label=\"Next slide\" data-no-translation-aria-label=\"\">\n\t\t\t\t\t\t\t<svg aria-hidden=\"true\" class=\"e-font-icon-svg e-eicon-chevron-right\" viewbox=\"0 0 1000 1000\" xmlns=\"http:\/\/www.w3.org\/2000\/svg\"><path d=\"M696 533C708 521 713 504 713 487 713 471 708 454 696 446L400 146C388 133 375 125 354 125 338 125 325 129 313 142 300 154 292 171 292 187 292 204 296 221 308 233L563 492 304 771C292 783 288 800 288 817 288 833 296 850 308 863 321 871 338 875 354 875 371 875 388 867 400 854L696 533Z\"><\/path><\/svg>\t\t\t\t\t\t<\/div>\n\t\t\t\t\t\t\t\t\t\t\t\t\t\t\t\t<div class=\"swiper-pagination\"><\/div>\n\t\t\t\t\t\t\t\t\t\t\t\t<\/div>\n\t\t\t\t\t\t\t\t<\/div>\n\t\t\t\t\t<\/div>\n\t\t\t\t<\/div>\n\t\t<div class=\"elementor-element elementor-element-fbfff65 e-con-full e-flex e-con e-parent\" data-id=\"fbfff65\" data-element_type=\"container\" data-settings=\"{&quot;background_background&quot;:&quot;classic&quot;}\">\n\t\t\t\t<div class=\"elementor-element elementor-element-126b975 elementor-widget elementor-widget-heading\" data-id=\"126b975\" data-element_type=\"widget\" data-widget_type=\"heading.default\">\n\t\t\t\t\t<h2 class=\"elementor-heading-title elementor-size-default\">We inspire emotions that remain in the memory<\/h2>\t\t\t\t<\/div>\n\t\t\t\t<\/div>\n\t\t\t\t<\/div>","protected":false},"excerpt":{"rendered":"<p>Momentos que Marcan Cada evento es una historia visual que deja huella Galer\u00eda de eventos Bienvenido a nuestra selecci\u00f3n de momentos que marcan. Cada fotograf\u00eda captura el alma de eventos que se convirtieron en experiencias memorables. Inspirate para tu pr\u00f3ximo evento con nuestras ambientaciones reales Dise\u00f1amos atm\u00f3sferas, no espaciosConoc\u00e9 m\u00e1sCada montaje es una experiencia que [&hellip;]<\/p>\n","protected":false},"author":1,"featured_media":0,"parent":0,"menu_order":0,"comment_status":"closed","ping_status":"closed","template":"","meta":{"inline_featured_image":false,"footnotes":""},"class_list":["post-96","page","type-page","status-publish","hentry"],"_links":{"self":[{"href":"https:\/\/relaxedloungeservice.com\/en\/wp-json\/wp\/v2\/pages\/96","targetHints":{"allow":["GET"]}}],"collection":[{"href":"https:\/\/relaxedloungeservice.com\/en\/wp-json\/wp\/v2\/pages"}],"about":[{"href":"https:\/\/relaxedloungeservice.com\/en\/wp-json\/wp\/v2\/types\/page"}],"author":[{"embeddable":true,"href":"https:\/\/relaxedloungeservice.com\/en\/wp-json\/wp\/v2\/users\/1"}],"replies":[{"embeddable":true,"href":"https:\/\/relaxedloungeservice.com\/en\/wp-json\/wp\/v2\/comments?post=96"}],"version-history":[{"count":22,"href":"https:\/\/relaxedloungeservice.com\/en\/wp-json\/wp\/v2\/pages\/96\/revisions"}],"predecessor-version":[{"id":511,"href":"https:\/\/relaxedloungeservice.com\/en\/wp-json\/wp\/v2\/pages\/96\/revisions\/511"}],"wp:attachment":[{"href":"https:\/\/relaxedloungeservice.com\/en\/wp-json\/wp\/v2\/media?parent=96"}],"curies":[{"name":"wp","href":"https:\/\/api.w.org\/{rel}","templated":true}]}}